{"id":1824,"date":"2024-06-10T21:55:26","date_gmt":"2024-06-10T19:55:26","guid":{"rendered":"https:\/\/invest-dom.com.pl\/?page_id=1824"},"modified":"2025-08-20T13:46:51","modified_gmt":"2025-08-20T11:46:51","slug":"bramy","status":"publish","type":"page","link":"https:\/\/invest-dom.com.pl\/sk\/bramy\/","title":{"rendered":"Gar\u00e1\u017eov\u00e9 br\u00e1ny"},"content":{"rendered":"<div class=\"wp-block-uagb-container uagb-block-ab37987b alignfull uagb-is-root-container\"><div class=\"uagb-container-inner-blocks-wrap\">\n<div class=\"wp-block-uagb-advanced-heading uagb-block-a65eb8a1\"><h1 class=\"uagb-heading-text\">Gar\u00e1\u017eov\u00e9 br\u00e1ny<\/h1><p class=\"uagb-desc-text\"><strong><strong>Bezpe\u010dn\u00e9 a funk\u010dn\u00e9 gar\u00e1\u017eov\u00e9 br\u00e1ny pre v\u00e1\u0161 domov<\/strong><\/strong><\/p><\/div>\n<\/div><\/div>\n\n\n\n<div class=\"wp-block-uagb-container uagb-block-fdf74db1 alignfull uagb-is-root-container\"><div class=\"uagb-container-inner-blocks-wrap\">\n<div class=\"wp-block-uagb-container uagb-block-d22933f5\">\n<div class=\"wp-block-uagb-info-box uagb-block-a807edf0 uagb-infobox__content-wrap  uagb-infobox-icon-above-title uagb-infobox-image-valign-top\"><div class=\"uagb-ifb-content\"><div class=\"uagb-ifb-title-wrap\"><h2 class=\"uagb-ifb-title\">Mont\u00e1\u017e gar\u00e1\u017eov\u00fdch br\u00e1n<\/h2><\/div><p class=\"uagb-ifb-desc\">Oferujemy kompleksowe us\u0142ugi monta\u017cu bram gara\u017cowych, kt\u00f3re \u0142\u0105cz\u0105 w sobie nowoczesny design, trwa\u0142o\u015b\u0107 i bezpiecze\u0144stwo. Nasze bramy gara\u017cowe dost\u0119pne s\u0105 w r\u00f3\u017cnych typach, w tym segmentowych, uchylnych i dwuskrzyd\u0142owych, co pozwala na dopasowanie do indywidualnych potrzeb ka\u017cdego klienta.<br><br><strong>V\u00fdhody in\u0161tal\u00e1cie gar\u00e1\u017eov\u00fdch br\u00e1n Invest-Dom:<\/strong><br><strong>Vysok\u00e1 kvalita:<\/strong> Pou\u017e\u00edvame len overen\u00e9 materi\u00e1ly a modern\u00e9 technol\u00f3gie, \u010do zaru\u010duje dlh\u00fa \u017eivotnos\u0165 a spo\u013eahlivos\u0165 na\u0161ich dver\u00ed.<br><br><strong>Zabezpe\u010denie:<\/strong> Na\u0161e gar\u00e1\u017eov\u00e9 br\u00e1ny s\u00fa vybaven\u00e9 pokro\u010dil\u00fdmi bezpe\u010dnostn\u00fdmi syst\u00e9mami, ktor\u00e9 ochr\u00e1nia v\u00e1\u0161 majetok.<br><br><strong>Estetika:<\/strong> Szeroki wyb\u00f3r kolor\u00f3w i wzor\u00f3w pozwala na dopasowanie bramy do stylu budynku, zapewniaj\u0105c sp\u00f3jny i atrakcyjny wygl\u0105d.<br><br><strong>Funk\u010dnos\u0165:<\/strong> Br\u00e1ny pon\u00fakame s r\u00f4znymi mo\u017enos\u0165ami ovl\u00e1dania - od manu\u00e1lnych a\u017e po automatick\u00e9 syst\u00e9my dia\u013ekov\u00e9ho ovl\u00e1dania, \u010do zvy\u0161uje komfort pou\u017e\u00edvania.<br><br>Poskytujeme pln\u00fa podporu v ka\u017edej f\u00e1ze realiz\u00e1cie - od technick\u00e9ho poradenstva, cez merania, a\u017e po odborn\u00fa mont\u00e1\u017e a servis. Vyberte si Invest-Dom a u\u017eite si spo\u013eahliv\u00e9 a estetick\u00e9 gar\u00e1\u017eov\u00e9 br\u00e1ny vo svojom dome!<\/p><\/div><\/div>\n<\/div>\n\n\n\n<div class=\"wp-block-uagb-container uagb-block-59afe137\">\n<div class=\"wp-block-uagb-image uagb-block-347b9f00 wp-block-uagb-image--layout-default wp-block-uagb-image--effect-static wp-block-uagb-image--align-none\"><figure class=\"wp-block-uagb-image__figure\"><img decoding=\"async\" srcset=\"https:\/\/invest-dom.com.pl\/wp-content\/uploads\/2024\/06\/bramy-garazowe.jpg ,https:\/\/invest-dom.com.pl\/wp-content\/uploads\/2024\/06\/bramy-garazowe.jpg 780w, https:\/\/invest-dom.com.pl\/wp-content\/uploads\/2024\/06\/bramy-garazowe.jpg 360w\" sizes=\"auto, (max-width: 480px) 150px\" src=\"https:\/\/invest-dom.com.pl\/wp-content\/uploads\/2024\/06\/bramy-garazowe.jpg\" alt=\"\" class=\"uag-image-1896\" width=\"640\" height=\"445\" title=\"bramy-garazowe\" loading=\"lazy\" role=\"img\"\/><\/figure><\/div>\n<\/div>\n<\/div><\/div>\n\n\n\n<div class=\"wp-block-uagb-container uagb-block-3f586b5e alignfull uagb-is-root-container\"><div class=\"uagb-container-inner-blocks-wrap\">\n<div class=\"wp-block-uagb-advanced-heading uagb-block-02166b50\"><h2 class=\"uagb-heading-text\">Pon\u00fakame br\u00e1ny<\/h2><\/div>\n\n\n\n<div class=\"wp-block-uagb-container uagb-block-c56ccfbf\">\n<div class=\"wp-block-uagb-container uagb-block-49182d8a\">\n<div class=\"wp-block-uagb-image aligncenter uagb-block-013ba274 wp-block-uagb-image--layout-default wp-block-uagb-image--effect-static wp-block-uagb-image--align-center\"><figure class=\"wp-block-uagb-image__figure\"><img decoding=\"async\" srcset=\"https:\/\/invest-dom.com.pl\/wp-content\/uploads\/2024\/06\/logo-gros.png ,https:\/\/invest-dom.com.pl\/wp-content\/uploads\/2024\/06\/logo-gros.png 780w, https:\/\/invest-dom.com.pl\/wp-content\/uploads\/2024\/06\/logo-gros.png 360w\" sizes=\"auto, (max-width: 480px) 150px\" src=\"https:\/\/invest-dom.com.pl\/wp-content\/uploads\/2024\/06\/logo-gros.png\" alt=\"\" class=\"uag-image-1765\" width=\"150\" height=\"90\" title=\"logo-gros\" loading=\"lazy\" role=\"img\"\/><\/figure><\/div>\n<\/div>\n\n\n\n<div class=\"wp-block-uagb-container uagb-block-c985a1a2\">\n<div class=\"wp-block-uagb-image aligncenter uagb-block-3ca35c33 wp-block-uagb-image--layout-default wp-block-uagb-image--effect-static wp-block-uagb-image--align-center\"><figure class=\"wp-block-uagb-image__figure\"><img decoding=\"async\" srcset=\"https:\/\/invest-dom.com.pl\/wp-content\/uploads\/2024\/06\/logo-fill.png ,https:\/\/invest-dom.com.pl\/wp-content\/uploads\/2024\/06\/logo-fill.png 780w, https:\/\/invest-dom.com.pl\/wp-content\/uploads\/2024\/06\/logo-fill.png 360w\" sizes=\"auto, (max-width: 480px) 150px\" src=\"https:\/\/invest-dom.com.pl\/wp-content\/uploads\/2024\/06\/logo-fill.png\" alt=\"\" class=\"uag-image-1767\" width=\"150\" height=\"90\" title=\"logo-fill\" loading=\"lazy\" role=\"img\"\/><\/figure><\/div>\n<\/div>\n\n\n\n<div class=\"wp-block-uagb-container uagb-block-9d1efbd0\">\n<div class=\"wp-block-uagb-image aligncenter uagb-block-fd1616fc wp-block-uagb-image--layout-default wp-block-uagb-image--effect-static wp-block-uagb-image--align-center\"><figure class=\"wp-block-uagb-image__figure\"><img decoding=\"async\" srcset=\"https:\/\/invest-dom.com.pl\/wp-content\/uploads\/2024\/06\/logo-wisniowski.png ,https:\/\/invest-dom.com.pl\/wp-content\/uploads\/2024\/06\/logo-wisniowski.png 780w, https:\/\/invest-dom.com.pl\/wp-content\/uploads\/2024\/06\/logo-wisniowski.png 360w\" sizes=\"auto, (max-width: 480px) 150px\" src=\"https:\/\/invest-dom.com.pl\/wp-content\/uploads\/2024\/06\/logo-wisniowski.png\" alt=\"\" class=\"uag-image-1764\" width=\"120\" height=\"42\" title=\"logo-wisniowski\" loading=\"lazy\" role=\"img\"\/><\/figure><\/div>\n<\/div>\n<\/div>\n<\/div><\/div>\n\n\n\n<div class=\"wp-block-uagb-container uagb-block-3eb1ff10 alignfull uagb-is-root-container\"><div class=\"uagb-container-inner-blocks-wrap\">\n<div class=\"wp-block-uagb-container uagb-block-a0c62a69\">\n<div class=\"wp-block-uagb-advanced-heading uagb-block-71274ed3\"><h2 class=\"uagb-heading-text\">Hrub\u00e9 gar\u00e1\u017eov\u00e9 br\u00e1ny<\/h2><\/div>\n\n\n\n<p>Gross je renomovan\u00fd v\u00fdrobca gar\u00e1\u017eov\u00fdch br\u00e1n, zn\u00e1my svojimi vysoko kvalitn\u00fdmi v\u00fdrobkami a inovat\u00edvnymi rie\u0161eniami. Gross sa \u0161pecializuje na v\u00fdrobu gar\u00e1\u017eov\u00fdch br\u00e1n, ktor\u00e9 sp\u00e1jaj\u00fa modern\u00fd dizajn, odolnos\u0165 a bezpe\u010dnos\u0165. V\u010faka pou\u017eitiu pokro\u010dil\u00fdch technol\u00f3gi\u00ed a najkvalitnej\u0161\u00edch materi\u00e1lov s\u00fa br\u00e1ny Gross v\u00fdbornou vo\u013ebou pre z\u00e1kazn\u00edkov h\u013eadaj\u00facich spo\u013eahliv\u00e9 a estetick\u00e9 rie\u0161enia.<\/p>\n\n\n\n<p><strong>V\u00fdhody v\u00fdberu gar\u00e1\u017eov\u00fdch br\u00e1n Gross:<\/strong><\/p>\n\n\n\n<ul class=\"wp-block-list\">\n<li><strong>Vysok\u00e1 kvalita:<\/strong> Br\u00e1ny Gross s\u00fa vyroben\u00e9 z odoln\u00fdch materi\u00e1lov, ako je pozinkovan\u00e1 oce\u013e a hlin\u00edk, ktor\u00e9 zais\u0165uj\u00fa dlh\u00fa \u017eivotnos\u0165 a odolnos\u0165 vo\u010di poveternostn\u00fdm vplyvom. V\u00fdrobky s\u00fa pravidelne testovan\u00e9, aby sp\u013a\u0148ali najvy\u0161\u0161ie \u0161tandardy kvality.<\/li>\n\n\n\n<li><strong>Zabezpe\u010denie:<\/strong> Gar\u00e1\u017eov\u00e9 br\u00e1ny Gross s\u00fa vybaven\u00e9 pokro\u010dil\u00fdmi bezpe\u010dnostn\u00fdmi syst\u00e9mami vr\u00e1tane mechanizmov proti vl\u00e1maniu a automatick\u00fdch zatv\u00e1rac\u00edch syst\u00e9mov, \u010do zaru\u010duje u\u017e\u00edvate\u013eom maxim\u00e1lnu bezpe\u010dnos\u0165.<\/li>\n\n\n\n<li><strong>Estetika a personaliz\u00e1cia:<\/strong> Gross pon\u00faka \u0161irok\u00fd v\u00fdber vzorov a farieb, \u010do umo\u017e\u0148uje prisp\u00f4sobi\u0165 br\u00e1nu \u0161t\u00fdlu budovy. Z\u00e1kazn\u00edci si m\u00f4\u017eu vybra\u0165 z r\u00f4znych modelov, vr\u00e1tane segmentov\u00fdch, nakl\u00e1pac\u00edch a rolovac\u00edch, s mo\u017enos\u0165ou plnej personaliz\u00e1cie.<\/li>\n\n\n\n<li><strong>Inovat\u00edvne technol\u00f3gie:<\/strong> Gross vyu\u017e\u00edva modern\u00e9 v\u00fdrobn\u00e9 technol\u00f3gie, ako s\u00fa automatick\u00e9 riadiace syst\u00e9my, ktor\u00e9 zvy\u0161uj\u00fa komfort pou\u017e\u00edvania. Br\u00e1ny je mo\u017en\u00e9 ovl\u00e1da\u0165 na dia\u013eku pomocou dia\u013ekov\u00e9ho ovl\u00e1da\u010da alebo mobilnej aplik\u00e1cie, \u010do zais\u0165uje pohodlie a jednoduchos\u0165 pou\u017e\u00edvania.<\/li>\n\n\n\n<li><strong>Energetick\u00e1 \u00fa\u010dinnos\u0165:<\/strong> Gar\u00e1\u017eov\u00e9 br\u00e1ny Gross sa vyzna\u010duj\u00fa v\u00fdborn\u00fdmi izola\u010dn\u00fdmi vlastnos\u0165ami, ktor\u00e9 pom\u00e1haj\u00fa udr\u017eiava\u0165 optim\u00e1lnu teplotu vo vn\u00fatri gar\u00e1\u017ee, \u010do prispieva k \u00faspore energie.<\/li>\n<\/ul>\n\n\n\n<p>Poskytujeme odborn\u00e9 poradenstvo, presn\u00e9 merania a odborn\u00fa mont\u00e1\u017e. Pon\u00fakame aj z\u00e1ru\u010dn\u00fd a poz\u00e1ru\u010dn\u00fd servis, ktor\u00fd zaru\u010duje dlhodob\u00fa spokojnos\u0165 s pou\u017e\u00edvan\u00edm produktov.<br>Viac inform\u00e1ci\u00ed o produktoch na: <a href=\"https:\/\/gros.pl\/\">https:\/\/gros.pl\/<\/a><\/p>\n<\/div>\n\n\n\n<div class=\"wp-block-uagb-container uagb-block-0b5f89bc\">\n<div class=\"wp-block-uagb-image uagb-block-9ccde5cb wp-block-uagb-image--layout-default wp-block-uagb-image--effect-static wp-block-uagb-image--align-none\"><figure class=\"wp-block-uagb-image__figure\"><img decoding=\"async\" srcset=\"https:\/\/invest-dom.com.pl\/wp-content\/uploads\/2024\/06\/bramy-garazowe-gross.jpg ,https:\/\/invest-dom.com.pl\/wp-content\/uploads\/2024\/06\/bramy-garazowe-gross.jpg 780w, https:\/\/invest-dom.com.pl\/wp-content\/uploads\/2024\/06\/bramy-garazowe-gross.jpg 360w\" sizes=\"auto, (max-width: 480px) 150px\" src=\"https:\/\/invest-dom.com.pl\/wp-content\/uploads\/2024\/06\/bramy-garazowe-gross.jpg\" alt=\"\" class=\"uag-image-1897\" width=\"1080\" height=\"1080\" title=\"bramy-garazowe-gross\" loading=\"lazy\" role=\"img\"\/><\/figure><\/div>\n<\/div>\n<\/div><\/div>\n\n\n\n<div class=\"wp-block-uagb-container uagb-block-a3d93bfb alignfull uagb-is-root-container\"><div class=\"uagb-container-inner-blocks-wrap\">\n<div class=\"wp-block-uagb-container uagb-block-a15903fc\">\n<div class=\"wp-block-uagb-image uagb-block-e1e118ed wp-block-uagb-image--layout-default wp-block-uagb-image--effect-static wp-block-uagb-image--align-none\"><figure class=\"wp-block-uagb-image__figure\"><img decoding=\"async\" srcset=\"https:\/\/invest-dom.com.pl\/wp-content\/uploads\/2024\/06\/bramy-garazowe-fill.jpg ,https:\/\/invest-dom.com.pl\/wp-content\/uploads\/2024\/06\/bramy-garazowe-fill.jpg 780w, https:\/\/invest-dom.com.pl\/wp-content\/uploads\/2024\/06\/bramy-garazowe-fill.jpg 360w\" sizes=\"auto, (max-width: 480px) 150px\" src=\"https:\/\/invest-dom.com.pl\/wp-content\/uploads\/2024\/06\/bramy-garazowe-fill.jpg\" alt=\"\" class=\"uag-image-1899\" width=\"1080\" height=\"1080\" title=\"bramy-garazowe-fill\" loading=\"lazy\" role=\"img\"\/><\/figure><\/div>\n<\/div>\n\n\n\n<div class=\"wp-block-uagb-container uagb-block-1dc3113c\">\n<div class=\"wp-block-uagb-advanced-heading uagb-block-764cfa7d\"><h2 class=\"uagb-heading-text\">Gar\u00e1\u017eov\u00e9 br\u00e1ny Fill<\/h2><\/div>\n\n\n\n<p>Fill je renomovan\u00fd v\u00fdrobca gar\u00e1\u017eov\u00fdch br\u00e1n, ktor\u00fd sa \u0161pecializuje na poskytovanie inovat\u00edvnych a vysokokvalitn\u00fdch rie\u0161en\u00ed pre individu\u00e1lnych a komer\u010dn\u00fdch z\u00e1kazn\u00edkov. V\u010faka pokro\u010dil\u00fdm v\u00fdrobn\u00fdm technol\u00f3gi\u00e1m a pou\u017eitiu t\u00fdch najlep\u0161\u00edch materi\u00e1lov sa gar\u00e1\u017eov\u00e9 br\u00e1ny Fill vyzna\u010duj\u00fa odolnos\u0165ou, funk\u010dnos\u0165ou a estetikou.<\/p>\n\n\n\n<p><strong>V\u00fdhody v\u00fdberu Fill gar\u00e1\u017eov\u00fdch br\u00e1n:<\/strong><\/p>\n\n\n\n<ul class=\"wp-block-list\">\n<li><strong>Vysoko kvalitn\u00e9 materi\u00e1ly:<\/strong> Gar\u00e1\u017eov\u00e9 br\u00e1ny Fill s\u00fa vyroben\u00e9 z trv\u00e1cnych a poveternostn\u00fdm vplyvom odoln\u00fdch materi\u00e1lov, ako je pozinkovan\u00e1 oce\u013e a hlin\u00edk. V\u010faka tomu s\u00fa odoln\u00e9 a spo\u013eahliv\u00e9 po mnoho rokov.<\/li>\n\n\n\n<li><strong>Zabezpe\u010denie:<\/strong> Fill kladie ve\u013ek\u00fd d\u00f4raz na bezpe\u010dnos\u0165 svojich produktov. Br\u00e1ny s\u00fa vybaven\u00e9 pokro\u010dil\u00fdmi bezpe\u010dnostn\u00fdmi syst\u00e9mami, ako s\u00fa mechanizmy proti vl\u00e1maniu, ochrana proti zdvihnutiu a integrovan\u00e9 popla\u0161n\u00e9 syst\u00e9my.<\/li>\n\n\n\n<li><strong>Energetick\u00e1 \u00fa\u010dinnos\u0165:<\/strong> Gar\u00e1\u017eov\u00e9 br\u00e1ny Fill sa vyzna\u010duj\u00fa vynikaj\u00facimi izola\u010dn\u00fdmi vlastnos\u0165ami, ktor\u00e9 pom\u00e1haj\u00fa udr\u017eiava\u0165 optim\u00e1lnu teplotu vo vn\u00fatri gar\u00e1\u017ee. To v\u00e1m umo\u017en\u00ed v\u00fdrazne zn\u00ed\u017ei\u0165 n\u00e1klady na vykurovanie.<\/li>\n\n\n\n<li><strong>Prisp\u00f4sobenie:<\/strong> Spolo\u010dnos\u0165 pon\u00faka \u0161irok\u00fd v\u00fdber vzorov, farieb a povrchov\u00fdch \u00faprav, \u010do umo\u017e\u0148uje br\u00e1nu dokonale zladi\u0165 so \u0161t\u00fdlom budovy. Z\u00e1kazn\u00edci m\u00f4\u017eu tie\u017e vyu\u017ei\u0165 mo\u017enos\u0165 \u00fapln\u00e9ho prisp\u00f4sobenia na vytvorenie jedine\u010dn\u00fdch rie\u0161en\u00ed, ktor\u00e9 sp\u013a\u0148aj\u00fa ich individu\u00e1lne potreby.<\/li>\n\n\n\n<li><strong>Inovat\u00edvne technol\u00f3gie:<\/strong> Fill vyu\u017e\u00edva modern\u00e9 v\u00fdrobn\u00e9 a riadiace technol\u00f3gie, ako je dia\u013ekov\u00e9 ovl\u00e1danie br\u00e1ny pomocou dia\u013ekov\u00e9ho ovl\u00e1da\u010da alebo mobilnej aplik\u00e1cie. To zais\u0165uje pohodlie a bezpe\u010dnos\u0165 na najvy\u0161\u0161ej \u00farovni.<\/li>\n<\/ul>\n\n\n\n<p><strong>Typy v\u00fdpln\u00ed gar\u00e1\u017eov\u00fdch br\u00e1n:<\/strong><\/p>\n\n\n\n<ul class=\"wp-block-list\">\n<li><strong>Sekcion\u00e1lne br\u00e1ny:<\/strong> Kombinuj\u00fa vysok\u00fa funk\u010dnos\u0165 s modern\u00fdm dizajnom. S\u00fa energeticky \u00fasporn\u00e9 a pon\u00fakaj\u00fa vynikaj\u00face izola\u010dn\u00e9 parametre, \u010do z nich rob\u00ed ide\u00e1lnu vo\u013ebu pre gar\u00e1\u017ee integrovan\u00e9 s budovou.<\/li>\n\n\n\n<li><strong>Rolovacie br\u00e1ny:<\/strong> Vybaven\u00e9 \u0161tandardn\u00fdm pohonom \u0161etria miesto pod stropom. S\u00fa dokonal\u00fdm rie\u0161en\u00edm pre gar\u00e1\u017ee s obmedzen\u00fdm priestorom.<\/li>\n<\/ul>\n<\/div>\n<\/div><\/div>\n\n\n\n<div class=\"wp-block-uagb-container uagb-block-70631158 alignfull uagb-is-root-container\"><div class=\"uagb-container-inner-blocks-wrap\">\n<div class=\"wp-block-uagb-container uagb-block-4f963934\">\n<div class=\"wp-block-uagb-advanced-heading uagb-block-3fdb5433\"><h2 class=\"uagb-heading-text\">Gar\u00e1\u017eov\u00e9 br\u00e1ny Wi\u015bniowski<\/h2><\/div>\n\n\n\n<p>Spolo\u010dnos\u0165 Wi\u015bniowski je uzn\u00e1van\u00fdm v\u00fdrobcom gar\u00e1\u017eov\u00fdch br\u00e1n, ktor\u00fd u\u017e viac ako 30 rokov dod\u00e1va vysokokvalitn\u00e9 produkty na eur\u00f3psky a svetov\u00fd trh. V\u010faka vyspelej technol\u00f3gii a inovat\u00edvnym rie\u0161eniam kombinuj\u00fa gar\u00e1\u017eov\u00e9 br\u00e1ny Wi\u015bniowski modern\u00fd dizajn, odolnos\u0165 a funk\u010dnos\u0165 a sp\u013a\u0148aj\u00fa o\u010dak\u00e1vania aj t\u00fdch najn\u00e1ro\u010dnej\u0161\u00edch z\u00e1kazn\u00edkov.<\/p>\n\n\n\n<p><strong>V\u00fdhody v\u00fdberu gar\u00e1\u017eov\u00fdch br\u00e1n Wi\u015bniowski:<\/strong><\/p>\n\n\n\n<ul class=\"wp-block-list\">\n<li><strong>Vysok\u00e1 kvalita a odolnos\u0165:<\/strong> Br\u00e1ny Wi\u015bniowski s\u00fa vyroben\u00e9 z odoln\u00fdch materi\u00e1lov, ako je pozinkovan\u00e1 oce\u013e a hlin\u00edk, \u010do zaru\u010duje dlh\u00fa \u017eivotnos\u0165 a odolnos\u0165 vo\u010di poveternostn\u00fdm vplyvom. V\u00fdrobky s\u00fa pravidelne testovan\u00e9, aby sp\u013a\u0148ali najvy\u0161\u0161ie \u0161tandardy kvality.<\/li>\n\n\n\n<li><strong>Zabezpe\u010denie:<\/strong> Spolo\u010dnos\u0165 Wi\u015bniowski kladie ve\u013ek\u00fd d\u00f4raz na bezpe\u010dnos\u0165 svojich v\u00fdrobkov. Gar\u00e1\u017eov\u00e9 br\u00e1ny s\u00fa vybaven\u00e9 pokro\u010dil\u00fdmi bezpe\u010dnostn\u00fdmi syst\u00e9mami, ako s\u00fa mechanizmy proti vl\u00e1maniu, integrovan\u00e9 popla\u0161n\u00e9 syst\u00e9my a ochrana proti zdvihnutiu br\u00e1ny.<\/li>\n\n\n\n<li><strong>Energetick\u00e1 \u00fa\u010dinnos\u0165:<\/strong> Gar\u00e1\u017eov\u00e9 br\u00e1ny Wi\u015bniowski sa vyzna\u010duj\u00fa vynikaj\u00facimi izola\u010dn\u00fdmi vlastnos\u0165ami, ktor\u00e9 pom\u00e1haj\u00fa udr\u017eiava\u0165 optim\u00e1lnu teplotu vo vn\u00fatri gar\u00e1\u017ee. Modely ako UniTherm s\u00fa ur\u010den\u00e9 pre energeticky efekt\u00edvne a pas\u00edvne budovy, \u010do umo\u017e\u0148uje v\u00fdrazn\u00e9 zn\u00ed\u017eenie n\u00e1kladov na vykurovanie.<\/li>\n\n\n\n<li><strong>Modern\u00fd dizajn a personaliz\u00e1cia:<\/strong> Wi\u015bniowski pon\u00faka \u0161irok\u00fd v\u00fdber vzorov, farieb a povrchov\u00fdch \u00faprav, \u010do umo\u017e\u0148uje ide\u00e1lne zladi\u0165 br\u00e1nu so \u0161t\u00fdlom budovy. Spolo\u010dnos\u0165 tie\u017e pon\u00faka \u00fapln\u00e9 mo\u017enosti prisp\u00f4sobenia, tak\u017ee m\u00f4\u017eete vytv\u00e1ra\u0165 jedine\u010dn\u00e9 rie\u0161enia, ktor\u00e9 vyhovuj\u00fa va\u0161im individu\u00e1lnym potreb\u00e1m.<\/li>\n\n\n\n<li><strong>Inovat\u00edvne technol\u00f3gie:<\/strong> Wi\u015bniowski vyu\u017e\u00edva modern\u00e9 v\u00fdrobn\u00e9 a riadiace technol\u00f3gie, ako napr\u00edklad smartCONNECTED\u2122, ktor\u00e9 umo\u017e\u0148uj\u00fa dia\u013ekov\u00e9 ovl\u00e1danie br\u00e1ny pomocou smartf\u00f3nu. V\u010faka tomu pou\u017e\u00edvatelia<\/li>\n<\/ul>\n\n\n\n<p>Viac inform\u00e1ci\u00ed o produktoch na: <a href=\"https:\/\/wisniowski.pl\">https:\/\/wisniowski.pl<\/a><\/p>\n<\/div>\n\n\n\n<div class=\"wp-block-uagb-container uagb-block-f79cbd22\">\n<div class=\"wp-block-uagb-image uagb-block-863e3123 wp-block-uagb-image--layout-default wp-block-uagb-image--effect-static wp-block-uagb-image--align-none\"><figure class=\"wp-block-uagb-image__figure\"><img decoding=\"async\" srcset=\"https:\/\/invest-dom.com.pl\/wp-content\/uploads\/2024\/06\/bramy-garazowe-wisniowski.jpg ,https:\/\/invest-dom.com.pl\/wp-content\/uploads\/2024\/06\/bramy-garazowe-wisniowski.jpg 780w, https:\/\/invest-dom.com.pl\/wp-content\/uploads\/2024\/06\/bramy-garazowe-wisniowski.jpg 360w\" sizes=\"auto, (max-width: 480px) 150px\" src=\"https:\/\/invest-dom.com.pl\/wp-content\/uploads\/2024\/06\/bramy-garazowe-wisniowski.jpg\" alt=\"\" class=\"uag-image-1898\" width=\"1080\" height=\"1080\" title=\"bramy-garazowe-wisniowski\" loading=\"lazy\" role=\"img\"\/><\/figure><\/div>\n<\/div>\n<\/div><\/div>","protected":false},"excerpt":{"rendered":"<p>Bramy gara\u017cowe Bezpieczne i funkcjonalne bramy gara\u017cowe dla Twojego domu Oferujemy bramy gra\u017cowe Bramy gara\u017cowe Gross Firma Gross to renomowany producent bram gara\u017cowych, znany z wysokiej jako\u015bci produkt\u00f3w oraz innowacyjnych rozwi\u0105za\u0144. Gross specjalizuje si\u0119 w produkcji bram gara\u017cowych, kt\u00f3re \u0142\u0105cz\u0105 w sobie nowoczesny design, trwa\u0142o\u015b\u0107 i bezpiecze\u0144stwo. Dzi\u0119ki zastosowaniu zaawansowanych technologii i najwy\u017cszej jako\u015bci materia\u0142\u00f3w, [&hellip;]<\/p>","protected":false},"author":1,"featured_media":0,"parent":0,"menu_order":0,"comment_status":"closed","ping_status":"closed","template":"","meta":{"_uag_custom_page_level_css":"","site-sidebar-layout":"default","site-content-layout":"","ast-site-content-layout":"default","site-content-style":"unboxed","site-sidebar-style":"default","ast-global-header-display":"","ast-banner-title-visibility":"","ast-main-header-display":"","ast-hfb-above-header-display":"","ast-hfb-below-header-display":"","ast-hfb-mobile-header-display":"","site-post-title":"disabled","ast-breadcrumbs-content":"","ast-featured-img":"","footer-sml-layout":"","theme-transparent-header-meta":"","adv-header-id-meta":"","stick-header-meta":"","header-above-stick-meta":"","header-main-stick-meta":"","header-below-stick-meta":"","astra-migrate-meta-layouts":"set","ast-page-background-enabled":"default","ast-page-background-meta":{"desktop":{"background-color":"","background-image":"","background-repeat":"repeat","background-position":"center center","background-size":"auto","background-attachment":"scroll","background-type":"","background-media":"","overlay-type":"","overlay-color":"","overlay-opacity":"","overlay-gradient":""},"tablet":{"background-color":"","background-image":"","background-repeat":"repeat","background-position":"center center","background-size":"auto","background-attachment":"scroll","background-type":"","background-media":"","overlay-type":"","overlay-color":"","overlay-opacity":"","overlay-gradient":""},"mobile":{"background-color":"","background-image":"","background-repeat":"repeat","background-position":"center center","background-size":"auto","background-attachment":"scroll","background-type":"","background-media":"","overlay-type":"","overlay-color":"","overlay-opacity":"","overlay-gradient":""}},"ast-content-background-meta":{"desktop":{"background-color":"var(--ast-global-color-5)","background-image":"","background-repeat":"repeat","background-position":"center center","background-size":"auto","background-attachment":"scroll","background-type":"","background-media":"","overlay-type":"","overlay-color":"","overlay-opacity":"","overlay-gradient":""},"tablet":{"background-color":"var(--ast-global-color-5)","background-image":"","background-repeat":"repeat","background-position":"center center","background-size":"auto","background-attachment":"scroll","background-type":"","background-media":"","overlay-type":"","overlay-color":"","overlay-opacity":"","overlay-gradient":""},"mobile":{"background-color":"var(--ast-global-color-5)","background-image":"","background-repeat":"repeat","background-position":"center center","background-size":"auto","background-attachment":"scroll","background-type":"","background-media":"","overlay-type":"","overlay-color":"","overlay-opacity":"","overlay-gradient":""}},"footnotes":""},"class_list":["post-1824","page","type-page","status-publish","hentry"],"uagb_featured_image_src":{"full":false,"thumbnail":false,"medium":false,"medium_large":false,"large":false,"1536x1536":false,"2048x2048":false,"trp-custom-language-flag":false},"uagb_author_info":{"display_name":"Admin","author_link":"https:\/\/invest-dom.com.pl\/sk\/author\/admin\/"},"uagb_comment_info":0,"uagb_excerpt":"Bramy gara\u017cowe Bezpieczne i funkcjonalne bramy gara\u017cowe dla Twojego domu Oferujemy bramy gra\u017cowe Bramy gara\u017cowe Gross Firma Gross to renomowany producent bram gara\u017cowych, znany z wysokiej jako\u015bci produkt\u00f3w oraz innowacyjnych rozwi\u0105za\u0144. Gross specjalizuje si\u0119 w produkcji bram gara\u017cowych, kt\u00f3re \u0142\u0105cz\u0105 w sobie nowoczesny design, trwa\u0142o\u015b\u0107 i bezpiecze\u0144stwo. Dzi\u0119ki zastosowaniu zaawansowanych technologii i najwy\u017cszej jako\u015bci materia\u0142\u00f3w,&hellip;","_links":{"self":[{"href":"https:\/\/invest-dom.com.pl\/sk\/wp-json\/wp\/v2\/pages\/1824","targetHints":{"allow":["GET"]}}],"collection":[{"href":"https:\/\/invest-dom.com.pl\/sk\/wp-json\/wp\/v2\/pages"}],"about":[{"href":"https:\/\/invest-dom.com.pl\/sk\/wp-json\/wp\/v2\/types\/page"}],"author":[{"embeddable":true,"href":"https:\/\/invest-dom.com.pl\/sk\/wp-json\/wp\/v2\/users\/1"}],"replies":[{"embeddable":true,"href":"https:\/\/invest-dom.com.pl\/sk\/wp-json\/wp\/v2\/comments?post=1824"}],"version-history":[{"count":7,"href":"https:\/\/invest-dom.com.pl\/sk\/wp-json\/wp\/v2\/pages\/1824\/revisions"}],"predecessor-version":[{"id":1900,"href":"https:\/\/invest-dom.com.pl\/sk\/wp-json\/wp\/v2\/pages\/1824\/revisions\/1900"}],"wp:attachment":[{"href":"https:\/\/invest-dom.com.pl\/sk\/wp-json\/wp\/v2\/media?parent=1824"}],"curies":[{"name":"wp","href":"https:\/\/api.w.org\/{rel}","templated":true}]}}