{"id":1817,"date":"2024-06-10T21:45:56","date_gmt":"2024-06-10T19:45:56","guid":{"rendered":"https:\/\/invest-dom.com.pl\/?page_id=1817"},"modified":"2025-08-20T13:46:52","modified_gmt":"2025-08-20T11:46:52","slug":"montaz-rolet","status":"publish","type":"page","link":"https:\/\/invest-dom.com.pl\/sk\/montaz-rolet\/","title":{"rendered":"Mont\u00e1\u017e roliet"},"content":{"rendered":"<div class=\"wp-block-uagb-container uagb-block-ab37987b alignfull uagb-is-root-container\"><div class=\"uagb-container-inner-blocks-wrap\">\n<div class=\"wp-block-uagb-advanced-heading uagb-block-a65eb8a1\"><h1 class=\"uagb-heading-text\">Mont\u00e1\u017e roliet<\/h1><p class=\"uagb-desc-text\"><strong><strong>Profesion\u00e1lna mont\u00e1\u017e roliet - pohodlie a elegancia u v\u00e1s doma<\/strong><\/strong><\/p><\/div>\n<\/div><\/div>\n\n\n\n<div class=\"wp-block-uagb-container uagb-block-fdf74db1 alignfull uagb-is-root-container\"><div class=\"uagb-container-inner-blocks-wrap\">\n<div class=\"wp-block-uagb-container uagb-block-d22933f5\">\n<div class=\"wp-block-uagb-info-box uagb-block-a807edf0 uagb-infobox__content-wrap  uagb-infobox-icon-above-title uagb-infobox-image-valign-top\"><div class=\"uagb-ifb-content\"><div class=\"uagb-ifb-title-wrap\"><h2 class=\"uagb-ifb-title\">Mont\u00e1\u017e roliet<\/h2><\/div><p class=\"uagb-ifb-desc\">Pon\u00fakame komplexn\u00e9 mont\u00e1\u017ene slu\u017eby pre vonkaj\u0161ie a vn\u00fatorn\u00e9 rolety, ktor\u00e9 dokonale sp\u00e1jaj\u00fa funk\u010dnos\u0165 s estetikou. Na\u0161e rolety poskytuj\u00fa \u00fa\u010dinn\u00fa ochranu pred slnkom, zvy\u0161uj\u00fa s\u00fakromie a zlep\u0161uj\u00fa tepeln\u00fa a akustick\u00fa izol\u00e1ciu miestnost\u00ed.<br><br><strong>V\u00fdhody in\u0161tal\u00e1cie roliet od Invest-Dom:<\/strong><br><strong>Vysok\u00e1 kvalita: <\/strong>Pou\u017e\u00edvame tie najlep\u0161ie materi\u00e1ly a modern\u00e9 technol\u00f3gie, \u010do zaru\u010duje odolnos\u0165 a spo\u013eahlivos\u0165 na\u0161ich roliet.<br><br><strong>Individu\u00e1lny pr\u00edstup:<\/strong> Ka\u017ed\u00e1 in\u0161tal\u00e1cia je prisp\u00f4soben\u00e1 \u0161pecifick\u00fdm potreb\u00e1m klienta, \u010do zaru\u010duje dokonal\u00e9 prisp\u00f4sobenie a estetick\u00fd vzh\u013ead.<br><br><strong>Kompletn\u00e9 slu\u017eby:<\/strong> Pon\u00fakame pln\u00fa podporu \u2013 od merania a poradenstva, cez dopravu, a\u017e po odborn\u00fa mont\u00e1\u017e a z\u00e1ru\u010dn\u00fd servis.<br><br>D\u00f4verujte odborn\u00edkom z Invest-Dom a vychutnajte si pohodlie a eleganciu, ktor\u00fa pon\u00fakaj\u00fa na\u0161e rolety.<\/p><\/div><\/div>\n<\/div>\n\n\n\n<div class=\"wp-block-uagb-container uagb-block-59afe137\">\n<div class=\"wp-block-uagb-image uagb-block-347b9f00 wp-block-uagb-image--layout-default wp-block-uagb-image--effect-static wp-block-uagb-image--align-none\"><figure class=\"wp-block-uagb-image__figure\"><img decoding=\"async\" srcset=\"https:\/\/invest-dom.com.pl\/wp-content\/uploads\/2024\/06\/rolety.jpg ,https:\/\/invest-dom.com.pl\/wp-content\/uploads\/2024\/06\/rolety.jpg 780w, https:\/\/invest-dom.com.pl\/wp-content\/uploads\/2024\/06\/rolety.jpg 360w\" sizes=\"auto, (max-width: 480px) 150px\" src=\"https:\/\/invest-dom.com.pl\/wp-content\/uploads\/2024\/06\/rolety.jpg\" alt=\"\" class=\"uag-image-1903\" width=\"640\" height=\"445\" title=\"rolety\" loading=\"lazy\" role=\"img\"\/><\/figure><\/div>\n<\/div>\n<\/div><\/div>\n\n\n\n<div class=\"wp-block-uagb-container uagb-block-3f586b5e alignfull uagb-is-root-container\"><div class=\"uagb-container-inner-blocks-wrap\">\n<div class=\"wp-block-uagb-advanced-heading uagb-block-02166b50\"><h2 class=\"uagb-heading-text\">Pon\u00fakame rolety Fill<\/h2><\/div>\n\n\n\n<div class=\"wp-block-uagb-container uagb-block-c56ccfbf\">\n<div class=\"wp-block-uagb-container uagb-block-85c49633\">\n<div class=\"wp-block-uagb-image aligncenter uagb-block-d5b917dc wp-block-uagb-image--layout-default wp-block-uagb-image--effect-static wp-block-uagb-image--align-center\"><figure class=\"wp-block-uagb-image__figure\"><img decoding=\"async\" srcset=\"https:\/\/invest-dom.com.pl\/wp-content\/uploads\/2024\/06\/logo-vertex-1.png ,https:\/\/invest-dom.com.pl\/wp-content\/uploads\/2024\/06\/logo-vertex-1.png 780w, https:\/\/invest-dom.com.pl\/wp-content\/uploads\/2024\/06\/logo-vertex-1.png 360w\" sizes=\"auto, (max-width: 480px) 150px\" src=\"https:\/\/invest-dom.com.pl\/wp-content\/uploads\/2024\/06\/logo-vertex-1.png\" alt=\"\" class=\"uag-image-1919\" width=\"150\" height=\"90\" title=\"logo-vertex\" loading=\"lazy\" role=\"img\"\/><\/figure><\/div>\n<\/div>\n\n\n\n<div class=\"wp-block-uagb-container uagb-block-8a27bd82\">\n<div class=\"wp-block-uagb-image aligncenter uagb-block-89f6ec2c wp-block-uagb-image--layout-default wp-block-uagb-image--effect-static wp-block-uagb-image--align-center\"><figure class=\"wp-block-uagb-image__figure\"><img decoding=\"async\" srcset=\"https:\/\/invest-dom.com.pl\/wp-content\/uploads\/2024\/06\/logo-fill.png ,https:\/\/invest-dom.com.pl\/wp-content\/uploads\/2024\/06\/logo-fill.png 780w, https:\/\/invest-dom.com.pl\/wp-content\/uploads\/2024\/06\/logo-fill.png 360w\" sizes=\"auto, (max-width: 480px) 150px\" src=\"https:\/\/invest-dom.com.pl\/wp-content\/uploads\/2024\/06\/logo-fill.png\" alt=\"\" class=\"uag-image-1767\" width=\"150\" height=\"90\" title=\"logo-fill\" loading=\"lazy\" role=\"img\"\/><\/figure><\/div>\n<\/div>\n\n\n\n<div class=\"wp-block-uagb-container uagb-block-4ba4a434\">\n<div class=\"wp-block-uagb-image aligncenter uagb-block-0b4b9dd6 wp-block-uagb-image--layout-default wp-block-uagb-image--effect-static wp-block-uagb-image--align-center\"><figure class=\"wp-block-uagb-image__figure\"><img decoding=\"async\" srcset=\"https:\/\/invest-dom.com.pl\/wp-content\/uploads\/2024\/06\/logo-aluprof.png ,https:\/\/invest-dom.com.pl\/wp-content\/uploads\/2024\/06\/logo-aluprof.png 780w, https:\/\/invest-dom.com.pl\/wp-content\/uploads\/2024\/06\/logo-aluprof.png 360w\" sizes=\"auto, (max-width: 480px) 150px\" src=\"https:\/\/invest-dom.com.pl\/wp-content\/uploads\/2024\/06\/logo-aluprof.png\" alt=\"\" class=\"uag-image-1766\" width=\"150\" height=\"90\" title=\"logo-aluprof\" loading=\"lazy\" role=\"img\"\/><\/figure><\/div>\n<\/div>\n<\/div>\n<\/div><\/div>\n\n\n\n<div class=\"wp-block-uagb-container uagb-block-3eb1ff10 alignfull uagb-is-root-container\"><div class=\"uagb-container-inner-blocks-wrap\">\n<div class=\"wp-block-uagb-container uagb-block-a0c62a69\">\n<div class=\"wp-block-uagb-advanced-heading uagb-block-71274ed3\"><h2 class=\"uagb-heading-text\">Napl\u0148te vonkaj\u0161ie rolety<\/h2><\/div>\n\n\n\n<p>Fill je uzn\u00e1van\u00fd v\u00fdrobca vonkaj\u0161\u00edch a vn\u00fatorn\u00fdch roliet, ktor\u00fd pon\u00faka inovat\u00edvne rie\u0161enia v oblasti kryc\u00edch syst\u00e9mov. Rolety Fill v\u010faka dlhoro\u010dn\u00fdm sk\u00fasenostiam a pou\u017eitiu t\u00fdch najkvalitnej\u0161\u00edch materi\u00e1lov zaru\u010duj\u00fa nielen estetick\u00fd vzh\u013ead, ale aj vynikaj\u00facu funk\u010dnos\u0165 a odolnos\u0165.<\/p>\n\n\n\n<h4 class=\"wp-block-heading\"><strong>V\u00fdhody v\u00fdberu vonkaj\u0161\u00edch roliet Fill:<\/strong><\/h4>\n\n\n\n<ul class=\"wp-block-list\">\n<li><strong>Vysoko kvalitn\u00e9 materi\u00e1ly:<\/strong> Vonkaj\u0161ie rolety Fill s\u00fa vyroben\u00e9 z odoln\u00fdch komponentov, ako je hlin\u00edk, ktor\u00e9 zais\u0165uj\u00fa vysok\u00fa odolnos\u0165 vo\u010di poveternostn\u00fdm vplyvom a mechanick\u00e9mu po\u0161kodeniu. Spolupr\u00e1ca s renomovan\u00fdmi dod\u00e1vate\u013emi, ako je Aluprof, zaru\u010duje najvy\u0161\u0161iu kvalitu produktov.<\/li>\n\n\n\n<li><strong>Vynikaj\u00face technick\u00e9 parametre:<\/strong> Vonkaj\u0161ie rolety Fill sa vyzna\u010duj\u00fa vysok\u00fdmi tepeln\u00fdmi a akustick\u00fdmi vlastnos\u0165ami, \u010do potvrdzuj\u00fa certifik\u00e1ty vydan\u00e9 renomovan\u00fdmi v\u00fdskumn\u00fdmi \u00fastavmi, ako je napr\u00edklad In\u0161tit\u00fat pas\u00edvneho domu. Tieto rolety \u00fa\u010dinne zni\u017euj\u00fa hladinu hluku a tepeln\u00e9 straty, \u010do prispieva k \u00faspore energie a\u017e 30 % ro\u010dne.<\/li>\n\n\n\n<li><strong>\u0160irok\u00fd v\u00fdber syst\u00e9mov:<\/strong> Fill pon\u00faka r\u00f4zne in\u0161tala\u010dn\u00e9 syst\u00e9my vonkaj\u0161\u00edch roliet, vr\u00e1tane nadstavbov\u00fdch, zapusten\u00fdch a prisaden\u00fdch syst\u00e9mov, \u010do umo\u017e\u0148uje dokonale prisp\u00f4sobi\u0165 produkt individu\u00e1lnym potreb\u00e1m a technick\u00fdm podmienkam objektu.<\/li>\n\n\n\n<li><strong>Estetika a personaliz\u00e1cia:<\/strong> Vonkaj\u0161ie rolety Fill s\u00fa dostupn\u00e9 v \u0161irokej \u0161k\u00e1le farieb a vzorov, \u010do umo\u017e\u0148uje ich zladenie so \u0161t\u00fdlom budovy. Modern\u00fd dizajn roliet Fill z nich rob\u00ed neoddelite\u013en\u00fa s\u00fa\u010das\u0165 fas\u00e1dy bez naru\u0161enia jej estetiky.<\/li>\n\n\n\n<li><strong>Jednoduch\u00e9 pou\u017eitie:<\/strong> \u017dal\u00fazie je mo\u017en\u00e9 ovl\u00e1da\u0165 manu\u00e1lne alebo automaticky, \u010do zvy\u0161uje komfort pou\u017e\u00edvania. Inteligentn\u00e9 riadiace syst\u00e9my umo\u017e\u0148uj\u00fa dia\u013ekov\u00fa spr\u00e1vu roliet a prisp\u00f4sobuj\u00fa ich individu\u00e1lnym preferenci\u00e1m u\u017e\u00edvate\u013eov.<\/li>\n<\/ul>\n<\/div>\n\n\n\n<div class=\"wp-block-uagb-container uagb-block-0b5f89bc\">\n<h4 class=\"wp-block-heading\"><strong>V\u00fdpl\u0148ov\u00e9 syst\u00e9my in\u0161tal\u00e1cie vonkaj\u0161\u00edch roliet:<\/strong><\/h4>\n\n\n\n<ul class=\"wp-block-list\">\n<li><strong>Podomietkov\u00fd syst\u00e9m (Flush-mounted system):<\/strong> Ide\u00e1lne pre novostavby a modernizovan\u00e9 zariadenia, nevy\u017eaduje zmeny prekladu a poskytuje vynikaj\u00face izola\u010dn\u00e9 parametre. Po dokon\u010den\u00ed fas\u00e1dnych pr\u00e1c zost\u00e1va roletov\u00e1 schr\u00e1nka nevidite\u013en\u00e1 a st\u00e1va sa neoddelite\u013enou s\u00fa\u010das\u0165ou fas\u00e1dy budovy.<\/li>\n\n\n\n<li><strong>Prekr\u00fdvac\u00ed syst\u00e9m (Top-mounted system):<\/strong> Umo\u017e\u0148uje \u00fapln\u00e9, \u010diasto\u010dn\u00e9 alebo \u00fapln\u00e9 zakrytie roletov\u00e9ho boxu, v\u010faka \u010domu je zvonku nevidite\u013en\u00fd a dokonale sa integruje s fas\u00e1dou budovy.<\/li>\n\n\n\n<li><strong>Syst\u00e9m povrchovej mont\u00e1\u017ee (Front-mounted system):<\/strong> Navrhnut\u00e9 pre nov\u00e9 aj existuj\u00face budovy, pon\u00faka jednoduch\u00fa in\u0161tal\u00e1ciu a vysok\u00fa estetiku v\u010faka r\u00f4znym modelom boxov.<\/li>\n<\/ul>\n\n\n\n<p>Garantujeme komplexn\u00fd servis, od technick\u00e9ho poradenstva, cez meranie a n\u00e1vrh, a\u017e po odborn\u00fa mont\u00e1\u017e a servis. Z\u00e1kazn\u00edci sa m\u00f4\u017eu spo\u013eahn\u00fa\u0165 na n\u00e1\u0161 individu\u00e1lny pr\u00edstup a podporu v ka\u017edej f\u00e1ze realiz\u00e1cie invest\u00edcie.<\/p>\n<\/div>\n<\/div><\/div>","protected":false},"excerpt":{"rendered":"<p>Monta\u017c rolet Profesjonalny monta\u017c rolet \u2013 komfort i elegancja w Twoim domu Oferujemy rolety firmy Fill Rolety zewn\u0119trzne Fill Firma Fill jest cenionym producentem rolet zewn\u0119trznych i wewn\u0119trznych, oferuj\u0105cym innowacyjne rozwi\u0105zania w dziedzinie system\u00f3w os\u0142onowych. Dzi\u0119ki wieloletniemu do\u015bwiadczeniu i zastosowaniu najwy\u017cszej jako\u015bci materia\u0142\u00f3w, rolety Fill gwarantuj\u0105 nie tylko estetyczny wygl\u0105d, ale tak\u017ce doskona\u0142\u0105 funkcjonalno\u015b\u0107 i [&hellip;]<\/p>","protected":false},"author":1,"featured_media":0,"parent":0,"menu_order":0,"comment_status":"closed","ping_status":"closed","template":"","meta":{"_uag_custom_page_level_css":"","site-sidebar-layout":"default","site-content-layout":"","ast-site-content-layout":"default","site-content-style":"unboxed","site-sidebar-style":"default","ast-global-header-display":"","ast-banner-title-visibility":"","ast-main-header-display":"","ast-hfb-above-header-display":"","ast-hfb-below-header-display":"","ast-hfb-mobile-header-display":"","site-post-title":"disabled","ast-breadcrumbs-content":"","ast-featured-img":"","footer-sml-layout":"","theme-transparent-header-meta":"","adv-header-id-meta":"","stick-header-meta":"","header-above-stick-meta":"","header-main-stick-meta":"","header-below-stick-meta":"","astra-migrate-meta-layouts":"set","ast-page-background-enabled":"default","ast-page-background-meta":{"desktop":{"background-color":"","background-image":"","background-repeat":"repeat","background-position":"center center","background-size":"auto","background-attachment":"scroll","background-type":"","background-media":"","overlay-type":"","overlay-color":"","overlay-opacity":"","overlay-gradient":""},"tablet":{"background-color":"","background-image":"","background-repeat":"repeat","background-position":"center center","background-size":"auto","background-attachment":"scroll","background-type":"","background-media":"","overlay-type":"","overlay-color":"","overlay-opacity":"","overlay-gradient":""},"mobile":{"background-color":"","background-image":"","background-repeat":"repeat","background-position":"center center","background-size":"auto","background-attachment":"scroll","background-type":"","background-media":"","overlay-type":"","overlay-color":"","overlay-opacity":"","overlay-gradient":""}},"ast-content-background-meta":{"desktop":{"background-color":"var(--ast-global-color-5)","background-image":"","background-repeat":"repeat","background-position":"center center","background-size":"auto","background-attachment":"scroll","background-type":"","background-media":"","overlay-type":"","overlay-color":"","overlay-opacity":"","overlay-gradient":""},"tablet":{"background-color":"var(--ast-global-color-5)","background-image":"","background-repeat":"repeat","background-position":"center center","background-size":"auto","background-attachment":"scroll","background-type":"","background-media":"","overlay-type":"","overlay-color":"","overlay-opacity":"","overlay-gradient":""},"mobile":{"background-color":"var(--ast-global-color-5)","background-image":"","background-repeat":"repeat","background-position":"center center","background-size":"auto","background-attachment":"scroll","background-type":"","background-media":"","overlay-type":"","overlay-color":"","overlay-opacity":"","overlay-gradient":""}},"footnotes":""},"class_list":["post-1817","page","type-page","status-publish","hentry"],"uagb_featured_image_src":{"full":false,"thumbnail":false,"medium":false,"medium_large":false,"large":false,"1536x1536":false,"2048x2048":false,"trp-custom-language-flag":false},"uagb_author_info":{"display_name":"Admin","author_link":"https:\/\/invest-dom.com.pl\/sk\/author\/admin\/"},"uagb_comment_info":0,"uagb_excerpt":"Monta\u017c rolet Profesjonalny monta\u017c rolet \u2013 komfort i elegancja w Twoim domu Oferujemy rolety firmy Fill Rolety zewn\u0119trzne Fill Firma Fill jest cenionym producentem rolet zewn\u0119trznych i wewn\u0119trznych, oferuj\u0105cym innowacyjne rozwi\u0105zania w dziedzinie system\u00f3w os\u0142onowych. Dzi\u0119ki wieloletniemu do\u015bwiadczeniu i zastosowaniu najwy\u017cszej jako\u015bci materia\u0142\u00f3w, rolety Fill gwarantuj\u0105 nie tylko estetyczny wygl\u0105d, ale tak\u017ce doskona\u0142\u0105 funkcjonalno\u015b\u0107 i&hellip;","_links":{"self":[{"href":"https:\/\/invest-dom.com.pl\/sk\/wp-json\/wp\/v2\/pages\/1817","targetHints":{"allow":["GET"]}}],"collection":[{"href":"https:\/\/invest-dom.com.pl\/sk\/wp-json\/wp\/v2\/pages"}],"about":[{"href":"https:\/\/invest-dom.com.pl\/sk\/wp-json\/wp\/v2\/types\/page"}],"author":[{"embeddable":true,"href":"https:\/\/invest-dom.com.pl\/sk\/wp-json\/wp\/v2\/users\/1"}],"replies":[{"embeddable":true,"href":"https:\/\/invest-dom.com.pl\/sk\/wp-json\/wp\/v2\/comments?post=1817"}],"version-history":[{"count":9,"href":"https:\/\/invest-dom.com.pl\/sk\/wp-json\/wp\/v2\/pages\/1817\/revisions"}],"predecessor-version":[{"id":1920,"href":"https:\/\/invest-dom.com.pl\/sk\/wp-json\/wp\/v2\/pages\/1817\/revisions\/1920"}],"wp:attachment":[{"href":"https:\/\/invest-dom.com.pl\/sk\/wp-json\/wp\/v2\/media?parent=1817"}],"curies":[{"name":"wp","href":"https:\/\/api.w.org\/{rel}","templated":true}]}}