{"id":1133,"date":"2024-06-10T12:19:44","date_gmt":"2024-06-10T10:19:44","guid":{"rendered":"https:\/\/invest-dom.com.pl\/index.php\/contact\/"},"modified":"2025-08-20T13:46:52","modified_gmt":"2025-08-20T11:46:52","slug":"kontakt","status":"publish","type":"page","link":"https:\/\/invest-dom.com.pl\/sk\/kontakt\/","title":{"rendered":"Kontakt"},"content":{"rendered":"<div class=\"wp-block-uagb-container uagb-block-175d9ff2 alignfull uagb-is-root-container\"><div class=\"uagb-container-inner-blocks-wrap\">\n<div class=\"wp-block-uagb-advanced-heading uagb-block-028fa8b2\"><h1 class=\"uagb-heading-text\">Kontakt<\/h1><p class=\"uagb-desc-text\">Sme tu, aby sme odpovedali na v\u0161etky va\u0161e ot\u00e1zky<\/p><\/div>\n<\/div><\/div>\n\n\n\n<div class=\"wp-block-uagb-container uagb-block-82324bf1 alignfull uagb-is-root-container\"><div class=\"uagb-container-inner-blocks-wrap\">\n<div class=\"wp-block-uagb-advanced-heading uagb-block-d865dda5\"><h2 class=\"uagb-heading-text\">Bu\u010fme v kontakte<\/h2><p class=\"uagb-desc-text\">Sme tu, aby sme odpovedali na v\u0161etky va\u0161e ot\u00e1zky a pomohli v\u00e1m vybra\u0165 tie najlep\u0161ie rie\u0161enia. Kontaktujte n\u00e1s telefonicky, e-mailom alebo n\u00e1s nav\u0161t\u00edvte v na\u0161ej kancel\u00e1rii. N\u00e1\u0161 t\u00edm v\u00e1m r\u00e1d poskytne odborn\u00e9 poradenstvo a podporu v ka\u017edej f\u00e1ze spolupr\u00e1ce.<\/p><\/div>\n\n\n\n<div class=\"wp-block-uagb-container uagb-block-77f6a3a9\">\n<div class=\"wp-block-uagb-container uagb-block-1bc8d6b0\">\n<div class=\"wp-block-uagb-info-box uagb-block-6c561d67 uagb-infobox__content-wrap  uagb-infobox-icon-above-title uagb-infobox-image-valign-top\"><div class=\"uagb-ifb-content\"><div class=\"uagb-ifb-icon-wrap\"><div class=\"uagb-iconbox-icon-wrap uagb-infobox-shape-circle\"><svg xmlns=\"https:\/\/www.w3.org\/2000\/svg\" viewbox=\"0 0 320 512\"><path d=\"M320 144C320 223.5 255.5 288 176 288C96.47 288 32 223.5 32 144C32 64.47 96.47 0 176 0C255.5 0 320 64.47 320 144zM192 64C192 55.16 184.8 48 176 48C122.1 48 80 90.98 80 144C80 152.8 87.16 160 96 160C104.8 160 112 152.8 112 144C112 108.7 140.7 80 176 80C184.8 80 192 72.84 192 64zM144 480V317.1C154.4 319 165.1 319.1 176 319.1C186.9 319.1 197.6 319 208 317.1V480C208 497.7 193.7 512 176 512C158.3 512 144 497.7 144 480z\"><\/path><\/svg><\/div><\/div><div class=\"uagb-ifb-title-wrap\"><h4 class=\"uagb-ifb-title\">Adresa<\/h4><\/div><p class=\"uagb-ifb-desc\">INVEST-DOM<br>ul. Batorego 7, 34-300 \u017bywiec, POLAND<\/p><\/div><\/div>\n<\/div>\n\n\n\n<div class=\"wp-block-uagb-container uagb-block-10b3d4a6\">\n<div class=\"wp-block-uagb-info-box uagb-block-b6e22afe uagb-infobox__content-wrap  uagb-infobox-icon-above-title uagb-infobox-image-valign-top\"><div class=\"uagb-ifb-content\"><div class=\"uagb-ifb-icon-wrap\"><div class=\"uagb-iconbox-icon-wrap uagb-infobox-shape-circle\"><svg xmlns=\"https:\/\/www.w3.org\/2000\/svg\" viewbox=\"0 0 512 512\"><path d=\"M18.92 351.2l108.5-46.52c12.78-5.531 27.77-1.801 36.45 8.98l44.09 53.82c69.25-34 125.5-90.31 159.5-159.5l-53.81-44.04c-10.75-8.781-14.41-23.69-8.974-36.47l46.51-108.5c6.094-13.91 21.1-21.52 35.79-18.11l100.8 23.25c14.25 3.25 24.22 15.8 24.22 30.46c0 252.3-205.2 457.5-457.5 457.5c-14.67 0-27.18-9.968-30.45-24.22l-23.25-100.8C-2.571 372.4 5.018 357.2 18.92 351.2z\"><\/path><\/svg><\/div><\/div><div class=\"uagb-ifb-title-wrap\"><h4 class=\"uagb-ifb-title\">Zavolajte n\u00e1m<\/h4><\/div><p class=\"uagb-ifb-desc\">tel. +48 33 861 90 24<br>kom. +48 604 156 749<br>kom. +48 501 764 087<br>kom. +48 504 010 155<\/p><\/div><\/div>\n<\/div>\n\n\n\n<div class=\"wp-block-uagb-container uagb-block-15f89f81\">\n<div class=\"wp-block-uagb-info-box uagb-block-93d98230 uagb-infobox__content-wrap  uagb-infobox-icon-above-title uagb-infobox-image-valign-top\"><div class=\"uagb-ifb-content\"><div class=\"uagb-ifb-icon-wrap\"><div class=\"uagb-iconbox-icon-wrap uagb-infobox-shape-circle\"><svg xmlns=\"https:\/\/www.w3.org\/2000\/svg\" viewbox=\"0 0 512 512\"><path d=\"M464 64C490.5 64 512 85.49 512 112C512 127.1 504.9 141.3 492.8 150.4L275.2 313.6C263.8 322.1 248.2 322.1 236.8 313.6L19.2 150.4C7.113 141.3 0 127.1 0 112C0 85.49 21.49 64 48 64H464zM217.6 339.2C240.4 356.3 271.6 356.3 294.4 339.2L512 176V384C512 419.3 483.3 448 448 448H64C28.65 448 0 419.3 0 384V176L217.6 339.2z\"><\/path><\/svg><\/div><\/div><div class=\"uagb-ifb-title-wrap\"><h4 class=\"uagb-ifb-title\">Zavolajte n\u00e1s<\/h4><\/div><p class=\"uagb-ifb-desc\">biuro@invest-dom.com.pl\u200b<\/p><\/div><\/div>\n<\/div>\n<\/div>\n<\/div><\/div>\n\n\n\n<div class=\"wp-block-uagb-container uag-blocks-common-selector uagb-block-10eb6efc alignfull uagb-is-root-container\">\t\t\t<div \n\t\t\tclass=\"wp-block-uagb-google-map uagb-google-map__wrap uagb-block-9b48fff3\"\n\t\t\tstyle=\"\" >\n\t\t\t\t<embed\n\t\t\t\t\tclass=\"uagb-google-map__iframe\"\n\t\t\t\t\ttitle=\"Google Map for \"\n\t\t\t\t\tsrc=\"https:\/\/maps.google.com\/maps?q=Invest-Dom%20ul.%20Batorego%207%2C%2034-300%20%C5%BBywiec&#038;z=15&#038;hl=pl&#038;t=m&#038;output=embed&#038;iwloc=near\"\n\t\t\t\t\twidth=\"640\"\n\t\t\t\t\theight=\"450\"\n\t\t\t\t\tloading=\"lazy\"\n\t\t\t\t><\/embed>\n\t\t\t<\/div>\n\t\t\t<\/div>\n\n\n\n<div class=\"wp-block-uagb-container uagb-block-9109976c alignfull uagb-is-root-container\"><div class=\"uagb-container-inner-blocks-wrap\">\n<div class=\"wp-block-uagb-container uagb-block-1c3cbc7d\">\n<div class=\"wp-block-uagb-advanced-heading uagb-block-a149cdb2\"><h2 class=\"uagb-heading-text\">Po\u0161lite n\u00e1m spr\u00e1vu<\/h2><\/div>\n\n\n\n<div class=\"wp-block-uagb-forms uagb-forms__outer-wrap uagb-block-362de407 uagb-forms__medium-btn\"><form class=\"uagb-forms-main-form\" method=\"post\" autocomplete=\"on\" name=\"uagb-form-362de407\" action=\"\">\n<div class=\"wp-block-uagb-forms-name uagb-forms-name-wrap uagb-forms-field-set uagb-block-e2ca3901\"><div class=\"uagb-forms-name-label required uagb-forms-input-label\" id=\"e2ca3901\">First Name<\/div><input type=\"text\" placeholder=\"N\u00e1zov\" required class=\"uagb-forms-name-input uagb-forms-input\" name=\"e2ca3901\" autocomplete=\"given-name\"\/><\/div>\n\n\n\n<div class=\"wp-block-uagb-forms-name uagb-forms-name-wrap uagb-forms-field-set uagb-block-52db4231\"><div class=\"uagb-forms-name-label  uagb-forms-input-label\" id=\"52db4231\">First Name<\/div><input type=\"text\" placeholder=\"Telef\u00f3nne \u010d\u00edslo\" class=\"uagb-forms-name-input uagb-forms-input\" name=\"52db4231\" autocomplete=\"off\"\/><\/div>\n\n\n\n<div class=\"wp-block-uagb-forms-email uagb-forms-email-wrap uagb-forms-field-set uagb-block-4edc9a6e\"><div class=\"uagb-forms-email-label  uagb-forms-input-label\" id=\"4edc9a6e\">Email<\/div><input type=\"email\" class=\"uagb-forms-email-input uagb-forms-input\" placeholder=\"Emailov\u00e1 adresa\" name=\"4edc9a6e\" autocomplete=\"email\"\/><\/div>\n\n\n\n<div class=\"wp-block-uagb-forms-name uagb-forms-name-wrap uagb-forms-field-set uagb-block-a4c2b315\"><div class=\"uagb-forms-name-label required uagb-forms-input-label\" id=\"a4c2b315\">Last Name<\/div><input type=\"text\" placeholder=\"Predmet spr\u00e1vy\" required class=\"uagb-forms-name-input uagb-forms-input\" name=\"a4c2b315\" autocomplete=\"family-name\"\/><\/div>\n\n\n\n<div class=\"wp-block-uagb-forms-textarea uagb-forms-textarea-wrap uagb-forms-field-set uagb-block-a478c52e\"><div class=\"uagb-forms-textarea-label required uagb-forms-input-label\" id=\"a478c52e\">Message<\/div><textarea required class=\"uagb-forms-textarea-input uagb-forms-input\" rows=\"4\" placeholder=\"Obsah spr\u00e1vy\" name=\"a478c52e\" autocomplete=\"off\"><\/textarea><\/div>\n<div class=\"uagb-forms-form-hidden-data\"><input type=\"hidden\" class=\"uagb_forms_form_label\" value=\"Spectra Form\"\/><input type=\"hidden\" class=\"uagb_forms_form_id\" value=\"uagb-form-362de407\"\/><\/div><div class=\"uagb-form-reacaptcha-error-362de407\"><\/div><div class=\"uagb-forms-main-submit-button-wrap wp-block-button\"><button class=\"uagb-forms-main-submit-button wp-block-button__link\"><div class=\"uagb-forms-main-submit-button-text\">Posla\u0165 spr\u00e1vu<\/div><\/button><\/div><input type=\"hidden\" name=\"trp-form-language\" value=\"sk\"\/><\/form><div class=\"uagb-forms-success-message-362de407 uagb-forms-submit-message-hide\"><span>Wiadomo\u015b\u0107 zosta\u0142a wys\u0142ana pomy\u015blnie!<\/span><\/div><div class=\"uagb-forms-failed-message-362de407 uagb-forms-submit-message-hide\"><span>Podczas wysy\u0142ania wiadomo\u015bci wyst\u0105pi\u0142 problem. Zweryfikuj wszystkie pola formularza i spr\u00f3buj ponownie. <\/span><\/div><\/div>\n<\/div>\n<\/div><\/div>","protected":false},"excerpt":{"rendered":"<p>Kontakt Jeste\u015bmy tu, aby odpowiedzie\u0107 na wszystkie Twoje pytania B\u0105d\u017amy w kontakcie Jeste\u015bmy tu, aby odpowiedzie\u0107 na wszystkie Twoje pytania i pom\u00f3c w wyborze najlepszych rozwi\u0105za\u0144. Skontaktuj si\u0119 z nami telefonicznie, mailowo lub odwied\u017a nas w naszym biurze. Nasz zesp\u00f3\u0142 ch\u0119tnie udzieli fachowego doradztwa i wsparcia na ka\u017cdym etapie wsp\u00f3\u0142pracy. Wy\u015blij nam wiadomo\u015b\u0107<\/p>","protected":false},"author":1,"featured_media":0,"parent":0,"menu_order":0,"comment_status":"closed","ping_status":"closed","template":"","meta":{"_uag_custom_page_level_css":"","site-sidebar-layout":"default","site-content-layout":"plain-container","ast-site-content-layout":"normal-width-container","site-content-style":"unboxed","site-sidebar-style":"unboxed","ast-global-header-display":"","ast-banner-title-visibility":"","ast-main-header-display":"","ast-hfb-above-header-display":"","ast-hfb-below-header-display":"","ast-hfb-mobile-header-display":"","site-post-title":"disabled","ast-breadcrumbs-content":"","ast-featured-img":"","footer-sml-layout":"","theme-transparent-header-meta":"enabled","adv-header-id-meta":"","stick-header-meta":"","header-above-stick-meta":"","header-main-stick-meta":"","header-below-stick-meta":"","astra-migrate-meta-layouts":"set","ast-page-background-enabled":"default","ast-page-background-meta":{"desktop":{"background-color":"","background-image":"","background-repeat":"repeat","background-position":"center center","background-size":"auto","background-attachment":"scroll","background-type":"","background-media":"","overlay-type":"","overlay-color":"","overlay-opacity":"","overlay-gradient":""},"tablet":{"background-color":"","background-image":"","background-repeat":"repeat","background-position":"center center","background-size":"auto","background-attachment":"scroll","background-type":"","background-media":"","overlay-type":"","overlay-color":"","overlay-opacity":"","overlay-gradient":""},"mobile":{"background-color":"","background-image":"","background-repeat":"repeat","background-position":"center center","background-size":"auto","background-attachment":"scroll","background-type":"","background-media":"","overlay-type":"","overlay-color":"","overlay-opacity":"","overlay-gradient":""}},"ast-content-background-meta":{"desktop":{"background-color":"var(--ast-global-color-5)","background-image":"","background-repeat":"repeat","background-position":"center center","background-size":"auto","background-attachment":"scroll","background-type":"","background-media":"","overlay-type":"","overlay-color":"","overlay-opacity":"","overlay-gradient":""},"tablet":{"background-color":"var(--ast-global-color-5)","background-image":"","background-repeat":"repeat","background-position":"center center","background-size":"auto","background-attachment":"scroll","background-type":"","background-media":"","overlay-type":"","overlay-color":"","overlay-opacity":"","overlay-gradient":""},"mobile":{"background-color":"var(--ast-global-color-5)","background-image":"","background-repeat":"repeat","background-position":"center center","background-size":"auto","background-attachment":"scroll","background-type":"","background-media":"","overlay-type":"","overlay-color":"","overlay-opacity":"","overlay-gradient":""}},"footnotes":""},"class_list":["post-1133","page","type-page","status-publish","hentry"],"uagb_featured_image_src":{"full":false,"thumbnail":false,"medium":false,"medium_large":false,"large":false,"1536x1536":false,"2048x2048":false,"trp-custom-language-flag":false},"uagb_author_info":{"display_name":"Admin","author_link":"https:\/\/invest-dom.com.pl\/sk\/author\/admin\/"},"uagb_comment_info":0,"uagb_excerpt":"Kontakt Jeste\u015bmy tu, aby odpowiedzie\u0107 na wszystkie Twoje pytania B\u0105d\u017amy w kontakcie Jeste\u015bmy tu, aby odpowiedzie\u0107 na wszystkie Twoje pytania i pom\u00f3c w wyborze najlepszych rozwi\u0105za\u0144. Skontaktuj si\u0119 z nami telefonicznie, mailowo lub odwied\u017a nas w naszym biurze. Nasz zesp\u00f3\u0142 ch\u0119tnie udzieli fachowego doradztwa i wsparcia na ka\u017cdym etapie wsp\u00f3\u0142pracy. Wy\u015blij nam wiadomo\u015b\u0107","_links":{"self":[{"href":"https:\/\/invest-dom.com.pl\/sk\/wp-json\/wp\/v2\/pages\/1133","targetHints":{"allow":["GET"]}}],"collection":[{"href":"https:\/\/invest-dom.com.pl\/sk\/wp-json\/wp\/v2\/pages"}],"about":[{"href":"https:\/\/invest-dom.com.pl\/sk\/wp-json\/wp\/v2\/types\/page"}],"author":[{"embeddable":true,"href":"https:\/\/invest-dom.com.pl\/sk\/wp-json\/wp\/v2\/users\/1"}],"replies":[{"embeddable":true,"href":"https:\/\/invest-dom.com.pl\/sk\/wp-json\/wp\/v2\/comments?post=1133"}],"version-history":[{"count":13,"href":"https:\/\/invest-dom.com.pl\/sk\/wp-json\/wp\/v2\/pages\/1133\/revisions"}],"predecessor-version":[{"id":1911,"href":"https:\/\/invest-dom.com.pl\/sk\/wp-json\/wp\/v2\/pages\/1133\/revisions\/1911"}],"wp:attachment":[{"href":"https:\/\/invest-dom.com.pl\/sk\/wp-json\/wp\/v2\/media?parent=1133"}],"curies":[{"name":"wp","href":"https:\/\/api.w.org\/{rel}","templated":true}]}}