{"id":1131,"date":"2024-06-10T12:19:44","date_gmt":"2024-06-10T10:19:44","guid":{"rendered":"https:\/\/invest-dom.com.pl\/index.php\/about-us\/"},"modified":"2025-08-20T13:46:52","modified_gmt":"2025-08-20T11:46:52","slug":"drzwi-zewnetrzne","status":"publish","type":"page","link":"https:\/\/invest-dom.com.pl\/sk\/drzwi-zewnetrzne\/","title":{"rendered":"Vonkaj\u0161ie dvere"},"content":{"rendered":"<div class=\"wp-block-uagb-container uagb-block-ab37987b alignfull uagb-is-root-container\"><div class=\"uagb-container-inner-blocks-wrap\">\n<div class=\"wp-block-uagb-advanced-heading uagb-block-a65eb8a1\"><h1 class=\"uagb-heading-text\">Vonkaj\u0161ie dvere<\/h1><p class=\"uagb-desc-text\"><strong>Bezpe\u010dnos\u0165 a \u0161t\u00fdl v\u00e1\u0161ho domova za\u010d\u00edna pri vchodov\u00fdch dver\u00e1ch!<\/strong><\/p><\/div>\n<\/div><\/div>\n\n\n\n<div class=\"wp-block-uagb-container uagb-block-fdf74db1 alignfull uagb-is-root-container\"><div class=\"uagb-container-inner-blocks-wrap\">\n<div class=\"wp-block-uagb-container uagb-block-d22933f5\">\n<div class=\"wp-block-uagb-info-box uagb-block-a807edf0 uagb-infobox__content-wrap  uagb-infobox-icon-above-title uagb-infobox-image-valign-top\"><div class=\"uagb-ifb-content\"><div class=\"uagb-ifb-title-wrap\"><h2 class=\"uagb-ifb-title\">Vonkaj\u0161ie dvere<\/h2><\/div><p class=\"uagb-ifb-desc\">Invest-Dom pon\u00faka \u0161irok\u00fd v\u00fdber vonkaj\u0161\u00edch dver\u00ed, ktor\u00e9 sp\u00e1jaj\u00fa v\u00fdnimo\u010dn\u00fa kvalitu s estetikou. Na\u0161e dvere s\u00fa vyroben\u00e9 z najkvalitnej\u0161\u00edch materi\u00e1lov, ktor\u00e9 zaru\u010duj\u00fa trvanlivos\u0165 a odolnos\u0165 vo\u010di poveternostn\u00fdm vplyvom. V\u010faka r\u00f4znym \u0161t\u00fdlom, od klasick\u00fdch a\u017e po modern\u00e9, si ka\u017ed\u00fd n\u00e1jde dvere, ktor\u00e9 sa dokonale hodia do jeho domova.<\/p><\/div><\/div>\n<\/div>\n\n\n\n<div class=\"wp-block-uagb-container uagb-block-59afe137\">\n<div class=\"wp-block-uagb-image uagb-block-347b9f00 wp-block-uagb-image--layout-default wp-block-uagb-image--effect-static wp-block-uagb-image--align-none\"><figure class=\"wp-block-uagb-image__figure\"><img decoding=\"async\" srcset=\"https:\/\/invest-dom.com.pl\/wp-content\/uploads\/2024\/06\/drzwi-zewnetrzne.jpg ,https:\/\/invest-dom.com.pl\/wp-content\/uploads\/2024\/06\/drzwi-zewnetrzne.jpg 780w, https:\/\/invest-dom.com.pl\/wp-content\/uploads\/2024\/06\/drzwi-zewnetrzne.jpg 360w\" sizes=\"auto, (max-width: 480px) 150px\" src=\"https:\/\/invest-dom.com.pl\/wp-content\/uploads\/2024\/06\/drzwi-zewnetrzne.jpg\" alt=\"\" class=\"uag-image-1888\" width=\"640\" height=\"445\" title=\"drzwi-zewnetrzne\" loading=\"lazy\" role=\"img\"\/><\/figure><\/div>\n<\/div>\n<\/div><\/div>\n\n\n\n<div class=\"wp-block-uagb-container uagb-block-3f586b5e alignfull uagb-is-root-container\"><div class=\"uagb-container-inner-blocks-wrap\">\n<div class=\"wp-block-uagb-advanced-heading uagb-block-02166b50\"><h2 class=\"uagb-heading-text\">Pon\u00fakame vonkaj\u0161ie dvere od v\u00fdrobcov<\/h2><\/div>\n\n\n\n<div class=\"wp-block-uagb-container uagb-block-c56ccfbf\">\n<div class=\"wp-block-uagb-container uagb-block-49182d8a\">\n<div class=\"wp-block-uagb-image aligncenter uagb-block-013ba274 wp-block-uagb-image--layout-default wp-block-uagb-image--effect-static wp-block-uagb-image--align-center\"><figure class=\"wp-block-uagb-image__figure\"><img decoding=\"async\" srcset=\"https:\/\/invest-dom.com.pl\/wp-content\/uploads\/2024\/06\/logo-wiatrak.png ,https:\/\/invest-dom.com.pl\/wp-content\/uploads\/2024\/06\/logo-wiatrak.png 780w, https:\/\/invest-dom.com.pl\/wp-content\/uploads\/2024\/06\/logo-wiatrak.png 360w\" sizes=\"auto, (max-width: 480px) 150px\" src=\"https:\/\/invest-dom.com.pl\/wp-content\/uploads\/2024\/06\/logo-wiatrak.png\" alt=\"\" class=\"uag-image-1776\" width=\"150\" height=\"90\" title=\"logo-wiatrak\" loading=\"lazy\" role=\"img\"\/><\/figure><\/div>\n<\/div>\n\n\n\n<div class=\"wp-block-uagb-container uagb-block-c985a1a2\">\n<div class=\"wp-block-uagb-image aligncenter uagb-block-3ca35c33 wp-block-uagb-image--layout-default wp-block-uagb-image--effect-static wp-block-uagb-image--align-center\"><figure class=\"wp-block-uagb-image__figure\"><img decoding=\"async\" srcset=\"https:\/\/invest-dom.com.pl\/wp-content\/uploads\/2024\/06\/logo-martom-1.png ,https:\/\/invest-dom.com.pl\/wp-content\/uploads\/2024\/06\/logo-martom-1.png 780w, https:\/\/invest-dom.com.pl\/wp-content\/uploads\/2024\/06\/logo-martom-1.png 360w\" sizes=\"auto, (max-width: 480px) 150px\" src=\"https:\/\/invest-dom.com.pl\/wp-content\/uploads\/2024\/06\/logo-martom-1.png\" alt=\"\" class=\"uag-image-1783\" width=\"150\" height=\"90\" title=\"logo-martom\" loading=\"lazy\" role=\"img\"\/><\/figure><\/div>\n<\/div>\n\n\n\n<div class=\"wp-block-uagb-container uagb-block-9d1efbd0\">\n<div class=\"wp-block-uagb-image aligncenter uagb-block-fd1616fc wp-block-uagb-image--layout-default wp-block-uagb-image--effect-static wp-block-uagb-image--align-center\"><figure class=\"wp-block-uagb-image__figure\"><img decoding=\"async\" srcset=\"https:\/\/invest-dom.com.pl\/wp-content\/uploads\/2024\/06\/logo-mikea.png ,https:\/\/invest-dom.com.pl\/wp-content\/uploads\/2024\/06\/logo-mikea.png 780w, https:\/\/invest-dom.com.pl\/wp-content\/uploads\/2024\/06\/logo-mikea.png 360w\" sizes=\"auto, (max-width: 480px) 150px\" src=\"https:\/\/invest-dom.com.pl\/wp-content\/uploads\/2024\/06\/logo-mikea.png\" alt=\"\" class=\"uag-image-1774\" width=\"120\" height=\"42\" title=\"logo-mikea\" loading=\"lazy\" role=\"img\"\/><\/figure><\/div>\n<\/div>\n\n\n\n<div class=\"wp-block-uagb-container uagb-block-85c49633\">\n<div class=\"wp-block-uagb-image aligncenter uagb-block-d5b917dc wp-block-uagb-image--layout-default wp-block-uagb-image--effect-static wp-block-uagb-image--align-center\"><figure class=\"wp-block-uagb-image__figure\"><img decoding=\"async\" srcset=\"https:\/\/invest-dom.com.pl\/wp-content\/uploads\/2024\/06\/logo-wiked.png ,https:\/\/invest-dom.com.pl\/wp-content\/uploads\/2024\/06\/logo-wiked.png 780w, https:\/\/invest-dom.com.pl\/wp-content\/uploads\/2024\/06\/logo-wiked.png 360w\" sizes=\"auto, (max-width: 480px) 150px\" src=\"https:\/\/invest-dom.com.pl\/wp-content\/uploads\/2024\/06\/logo-wiked.png\" alt=\"\" class=\"uag-image-1773\" width=\"150\" height=\"90\" title=\"logo-wiked\" loading=\"lazy\" role=\"img\"\/><\/figure><\/div>\n<\/div>\n<\/div>\n<\/div><\/div>\n\n\n\n<div class=\"wp-block-uagb-container uagb-block-3eb1ff10 alignfull uagb-is-root-container\"><div class=\"uagb-container-inner-blocks-wrap\">\n<div class=\"wp-block-uagb-container uagb-block-a0c62a69\">\n<div class=\"wp-block-uagb-advanced-heading uagb-block-71274ed3\"><h2 class=\"uagb-heading-text\">Vonkaj\u0161ie dvere Wiatrak<\/h2><\/div>\n\n\n\n<p>Firma Wiatrak je uzn\u00e1van\u00fdm v\u00fdrobcom dver\u00ed s dlhoro\u010dn\u00fdmi sk\u00fasenos\u0165ami na trhu. \u0160pecializuje sa na vytv\u00e1ranie dver\u00ed do domov, bytov a kancel\u00e1ri\u00ed, pri\u010dom pon\u00faka \u0161irok\u00fd sortiment produktov v r\u00f4znych \u0161t\u00fdloch. V\u010faka pokrokovej technol\u00f3gii v\u00fdroby a najkvalitnej\u0161\u00edm materi\u00e1lom s\u00fa dvere Wiatrak trv\u00e1cne a odoln\u00e9 vo\u010di po\u0161kodeniu.<\/p>\n\n\n\n<p>Ponuka Wiatrak zah\u0155\u0148a vchodov\u00e9 dvere, interi\u00e9rov\u00e9 \u200b\u200bdvere, posuvn\u00e9 dvere, harmonikov\u00e9 dvere, protipo\u017eiarne dvere, zvukotesn\u00e9 dvere a dvere proti vl\u00e1maniu. Z\u00e1kazn\u00edci sa m\u00f4\u017eu spo\u013eahn\u00fa\u0165 na odborn\u00e9 poradenstvo a schopnos\u0165 personalizova\u0165 dvere, prisp\u00f4sobi\u0165 ich svojim individu\u00e1lnym potreb\u00e1m a preferenci\u00e1m. Spolo\u010dnos\u0165 tie\u017e garantuje na svoje produkty dlhodob\u00fa z\u00e1ruku, \u010do dokazuje ich spo\u013eahlivos\u0165 a vysok\u00fa kvalitu.<\/p>\n\n\n\n<p>Pozrite si ponuku spolo\u010dnosti: <a href=\"http:\/\/www.wiatrak.biz.pl\" data-type=\"link\" data-id=\"www.wiatrak.biz.pl\">www.wiatrak.biz.pl<\/a><\/p>\n<\/div>\n\n\n\n<div class=\"wp-block-uagb-container uagb-block-0b5f89bc\">\n<div class=\"wp-block-uagb-image uagb-block-61c13c70 wp-block-uagb-image--layout-default wp-block-uagb-image--effect-static wp-block-uagb-image--align-none\"><figure class=\"wp-block-uagb-image__figure\"><img decoding=\"async\" srcset=\"https:\/\/invest-dom.com.pl\/wp-content\/uploads\/2024\/06\/drzwi-zewnetrzne-wiatrak.jpg ,https:\/\/invest-dom.com.pl\/wp-content\/uploads\/2024\/06\/drzwi-zewnetrzne-wiatrak.jpg 780w, https:\/\/invest-dom.com.pl\/wp-content\/uploads\/2024\/06\/drzwi-zewnetrzne-wiatrak.jpg 360w\" sizes=\"auto, (max-width: 480px) 150px\" src=\"https:\/\/invest-dom.com.pl\/wp-content\/uploads\/2024\/06\/drzwi-zewnetrzne-wiatrak.jpg\" alt=\"\" class=\"uag-image-1889\" width=\"1080\" height=\"1080\" title=\"drzwi-zewnetrzne-wiatrak\" loading=\"lazy\" role=\"img\"\/><\/figure><\/div>\n<\/div>\n<\/div><\/div>\n\n\n\n<div class=\"wp-block-uagb-container uagb-block-a3d93bfb alignfull uagb-is-root-container\"><div class=\"uagb-container-inner-blocks-wrap\">\n<div class=\"wp-block-uagb-container uagb-block-a15903fc\">\n<div class=\"wp-block-uagb-image uagb-block-0ff4bade wp-block-uagb-image--layout-default wp-block-uagb-image--effect-static wp-block-uagb-image--align-none\"><figure class=\"wp-block-uagb-image__figure\"><img decoding=\"async\" srcset=\"https:\/\/invest-dom.com.pl\/wp-content\/uploads\/2024\/06\/drzwi-zewnetrzne-martom.jpg ,https:\/\/invest-dom.com.pl\/wp-content\/uploads\/2024\/06\/drzwi-zewnetrzne-martom.jpg 780w, https:\/\/invest-dom.com.pl\/wp-content\/uploads\/2024\/06\/drzwi-zewnetrzne-martom.jpg 360w\" sizes=\"auto, (max-width: 480px) 150px\" src=\"https:\/\/invest-dom.com.pl\/wp-content\/uploads\/2024\/06\/drzwi-zewnetrzne-martom.jpg\" alt=\"\" class=\"uag-image-1890\" width=\"1080\" height=\"1080\" title=\"drzwi-zewnetrzne-martom\" loading=\"lazy\" role=\"img\"\/><\/figure><\/div>\n<\/div>\n\n\n\n<div class=\"wp-block-uagb-container uagb-block-1dc3113c\">\n<div class=\"wp-block-uagb-advanced-heading uagb-block-764cfa7d\"><h2 class=\"uagb-heading-text\">Vonkaj\u0161ie dvere Martom<\/h2><\/div>\n\n\n\n<p>Martom J\u0119drzej\u00f3w je renomovan\u00fd v\u00fdrobca dver\u00ed, ktor\u00fd pon\u00faka \u0161irok\u00fa \u0161k\u00e1lu produktov, ktor\u00e9 sp\u00e1jaj\u00fa modern\u00fd dizajn s funk\u010dnos\u0165ou a odolnos\u0165ou. \u0160pecializuje sa na v\u00fdrobu vchodov\u00fdch a interi\u00e9rov\u00fdch dver\u00ed, ktor\u00e9 sp\u013a\u0148aj\u00fa najvy\u0161\u0161ie \u0161tandardy kvality. V\u010faka pou\u017eitiu pokrokov\u00fdch technol\u00f3gi\u00ed a najlep\u0161\u00edch materi\u00e1lov sa dvere Martom vyzna\u010duj\u00fa vysokou odolnos\u0165ou proti po\u0161kodeniu a v\u00fdborn\u00fdmi izola\u010dn\u00fdmi vlastnos\u0165ami.<\/p>\n\n\n\n<p><strong>Ponuka Martom J\u0119drzej\u00f3w zah\u0155\u0148a:<\/strong><\/p>\n\n\n\n<ul class=\"wp-block-list\">\n<li><strong>Predn\u00e9 dvere:<\/strong> \u0160t\u00fdlov\u00e9 a pevn\u00e9, zais\u0165uj\u00face bezpe\u010dnos\u0165 a estetiku.<\/li>\n\n\n\n<li><strong>Interi\u00e9rov\u00e9 \u200b\u200bdvere:<\/strong> Elegantn\u00fd a funk\u010dn\u00fd, dokonale sa hod\u00ed do ka\u017ed\u00e9ho interi\u00e9ru.<\/li>\n\n\n\n<li><strong>Prisp\u00f4sobenie:<\/strong> Mo\u017enos\u0165 prisp\u00f4sobi\u0165 dvere individu\u00e1lnym potreb\u00e1m, v\u00fdber z r\u00f4znych vzorov, farieb a doplnkov.<\/li>\n<\/ul>\n\n\n\n<p>Pozrite si ponuku spolo\u010dnosti: <a href=\"http:\/\/www.drzwimartom.pl\">www.drzwimartom.pl<\/a><\/p>\n<\/div>\n<\/div><\/div>\n\n\n\n<div class=\"wp-block-uagb-container uagb-block-70631158 alignfull uagb-is-root-container\"><div class=\"uagb-container-inner-blocks-wrap\">\n<div class=\"wp-block-uagb-container uagb-block-4f963934\">\n<div class=\"wp-block-uagb-advanced-heading uagb-block-3fdb5433\"><h2 class=\"uagb-heading-text\">Vonkaj\u0161ie dvere Mikea<\/h2><\/div>\n\n\n\n<p>Mikea pon\u00faka \u0161irok\u00fd v\u00fdber vchodov\u00fdch dver\u00ed od renomovan\u00fdch po\u013esk\u00fdch v\u00fdrobcov. Ich ponuka zah\u0155\u0148a dreven\u00e9, oce\u013eov\u00e9, hlin\u00edkov\u00e9 a PVC dvere. Dvere s\u00fa dostupn\u00e9 v r\u00f4znych vzoroch a farb\u00e1ch, tak\u017ee si ka\u017ed\u00fd n\u00e1jde to svoje.<\/p>\n\n\n\n<p><strong>V\u00fdhody vchodov\u00fdch dver\u00ed Mikea:<\/strong><\/p>\n\n\n\n<ul class=\"wp-block-list\">\n<li>Vysok\u00e1 kvalita: Dvere Mikea s\u00fa vyroben\u00e9 z najlep\u0161\u00edch materi\u00e1lov a zaru\u010duj\u00fa mnohoro\u010dn\u00e9 pou\u017e\u00edvanie.<\/li>\n\n\n\n<li>\u0160irok\u00fd v\u00fdber: Ponuka Mikea zah\u0155\u0148a dvere v r\u00f4znych \u0161t\u00fdloch, od klasick\u00fdch a\u017e po modern\u00e9.<\/li>\n\n\n\n<li>Mo\u017enos\u0165 personaliz\u00e1cie: Dvere Mikea je mo\u017en\u00e9 prisp\u00f4sobi\u0165 individu\u00e1lnym potreb\u00e1m z\u00e1kazn\u00edka v\u00fdberom z r\u00f4znych farieb, d\u00fdh a doplnkov.<\/li>\n<\/ul>\n\n\n\n<p><strong>Viac inform\u00e1ci\u00ed o ponuke spolo\u010dnosti Mikea n\u00e1jdete na na\u0161ej webovej str\u00e1nke:<\/strong> <a target=\"_blank\" rel=\"noreferrer noopener\" href=\"https:\/\/mikea-tychy.pl\/\">https:\/\/mikea-tychy.pl\/<\/a><\/p>\n<\/div>\n\n\n\n<div class=\"wp-block-uagb-container uagb-block-f79cbd22\">\n<div class=\"wp-block-uagb-image uagb-block-ce9927f4 wp-block-uagb-image--layout-default wp-block-uagb-image--effect-static wp-block-uagb-image--align-none\"><figure class=\"wp-block-uagb-image__figure\"><img decoding=\"async\" srcset=\"https:\/\/invest-dom.com.pl\/wp-content\/uploads\/2024\/06\/drzwi-zewnetrzne-mikea.jpg ,https:\/\/invest-dom.com.pl\/wp-content\/uploads\/2024\/06\/drzwi-zewnetrzne-mikea.jpg 780w, https:\/\/invest-dom.com.pl\/wp-content\/uploads\/2024\/06\/drzwi-zewnetrzne-mikea.jpg 360w\" sizes=\"auto, (max-width: 480px) 150px\" src=\"https:\/\/invest-dom.com.pl\/wp-content\/uploads\/2024\/06\/drzwi-zewnetrzne-mikea.jpg\" alt=\"\" class=\"uag-image-1891\" width=\"1080\" height=\"1080\" title=\"drzwi-zewnetrzne-mikea\" loading=\"lazy\" role=\"img\"\/><\/figure><\/div>\n<\/div>\n<\/div><\/div>\n\n\n\n<div class=\"wp-block-uagb-container uagb-block-d74bc68d alignfull uagb-is-root-container\"><div class=\"uagb-container-inner-blocks-wrap\">\n<div class=\"wp-block-uagb-container uagb-block-ca70287f\">\n<div class=\"wp-block-uagb-image uagb-block-9bef262f wp-block-uagb-image--layout-default wp-block-uagb-image--effect-static wp-block-uagb-image--align-none\"><figure class=\"wp-block-uagb-image__figure\"><img decoding=\"async\" srcset=\"https:\/\/invest-dom.com.pl\/wp-content\/uploads\/2024\/06\/drzwi-zewnetrzne-wiked.jpg ,https:\/\/invest-dom.com.pl\/wp-content\/uploads\/2024\/06\/drzwi-zewnetrzne-wiked.jpg 780w, https:\/\/invest-dom.com.pl\/wp-content\/uploads\/2024\/06\/drzwi-zewnetrzne-wiked.jpg 360w\" sizes=\"auto, (max-width: 480px) 150px\" src=\"https:\/\/invest-dom.com.pl\/wp-content\/uploads\/2024\/06\/drzwi-zewnetrzne-wiked.jpg\" alt=\"\" class=\"uag-image-1892\" width=\"1080\" height=\"1080\" title=\"drzwi-zewnetrzne-wiked\" loading=\"lazy\" role=\"img\"\/><\/figure><\/div>\n<\/div>\n\n\n\n<div class=\"wp-block-uagb-container uagb-block-6adf9fbf\">\n<div class=\"wp-block-uagb-advanced-heading uagb-block-c20defa2\"><h2 class=\"uagb-heading-text\">Vonkaj\u0161ie dvere Wik\u0119d<\/h2><\/div>\n\n\n\n<p>Wiked je v\u00fdrobca vonkaj\u0161\u00edch dver\u00ed s dlhoro\u010dn\u00fdmi sk\u00fasenos\u0165ami. Pon\u00faka \u0161irok\u00fd sortiment oce\u013eov\u00fdch a hlin\u00edkov\u00fdch dver\u00ed pre domy a byty. Dvere Wike s\u00fa dostupn\u00e9 v r\u00f4znych prevedeniach, farb\u00e1ch a \u0161t\u00fdloch, tak\u017ee si pr\u00edde na svoje ka\u017ed\u00fd.<\/p>\n\n\n\n<p><strong>Zalety drzwi wej\u015bciowych Wiked:<\/strong><\/p>\n\n\n\n<ul class=\"wp-block-list\">\n<li><strong>Vysok\u00e1 kvalita:<\/strong> Dvere Wike s\u00fa vyroben\u00e9 z najlep\u0161\u00edch materi\u00e1lov a zaru\u010duj\u00fa dlhodob\u00e9 pou\u017e\u00edvanie.<\/li>\n\n\n\n<li><strong>\u0160irok\u00fd rozsah:<\/strong> V ponuke Wiked s\u00fa dvere v r\u00f4znych \u0161t\u00fdloch, od klasick\u00fdch a\u017e po modern\u00e9.<\/li>\n\n\n\n<li><strong>Mo\u017enos\u0165 personaliz\u00e1cie:<\/strong> Dvere Wike je mo\u017en\u00e9 prisp\u00f4sobi\u0165 individu\u00e1lnym potreb\u00e1m z\u00e1kazn\u00edka v\u00fdberom z r\u00f4znych farieb, d\u00fdh a doplnkov.<\/li>\n\n\n\n<li><strong>Zabezpe\u010denie:<\/strong> Dvere Wike poskytuj\u00fa vysok\u00fa \u00farove\u0148 bezpe\u010dnosti v\u010faka pou\u017eitiu modern\u00fdch technol\u00f3gi\u00ed a syst\u00e9mov proti vl\u00e1maniu.<\/li>\n\n\n\n<li><strong>Energetick\u00e1 \u00fa\u010dinnos\u0165:<\/strong> Dvere Wike maj\u00fa vynikaj\u00face tepelno- a akustick\u00e9 izola\u010dn\u00e9 parametre, \u010d\u00edm \u0161etria energiu a zais\u0165uj\u00fa komfort pou\u017e\u00edvania.<\/li>\n\n\n\n<li><strong>Funk\u010dnos\u0165:<\/strong> Dvere Wike m\u00f4\u017eu by\u0165 vybaven\u00e9 mno\u017estvom doplnkov\u00fdch funkci\u00ed, ako je otv\u00e1ranie pomocou odtla\u010dku prsta alebo smartf\u00f3nu.<\/li>\n<\/ul>\n\n\n\n<p><strong>Pre viac inform\u00e1ci\u00ed o tom, \u010do Wiked pon\u00faka, nav\u0161t\u00edvte na\u0161u webov\u00fa str\u00e1nku:<\/strong> <a target=\"_blank\" rel=\"noreferrer noopener\" href=\"https:\/\/wiked.pl\/\">https:\/\/wiked.pl\/<\/a><\/p>\n<\/div>\n<\/div><\/div>","protected":false},"excerpt":{"rendered":"<p>Drzwi zewn\u0119trzne Bezpiecze\u0144stwo i styl Twojego domu zaczynaj\u0105 si\u0119 od drzwi wej\u015bciowych! Oferujemy drzwi zewn\u0119trzne producent\u00f3w Drzwi zewn\u0119trzne Wiatrak Firma Wiatrak to uznany producent drzwi z wieloletnim do\u015bwiadczeniem na rynku. Specjalizuje si\u0119 w tworzeniu drzwi do dom\u00f3w, mieszka\u0144 i biur, oferuj\u0105c szerok\u0105 gam\u0119 produkt\u00f3w w r\u00f3\u017cnych stylach. Dzi\u0119ki zaawansowanej technologii produkcji i najwy\u017cszej jako\u015bci materia\u0142om, [&hellip;]<\/p>","protected":false},"author":1,"featured_media":0,"parent":0,"menu_order":0,"comment_status":"closed","ping_status":"closed","template":"","meta":{"_uag_custom_page_level_css":"","site-sidebar-layout":"default","site-content-layout":"plain-container","ast-site-content-layout":"default","site-content-style":"unboxed","site-sidebar-style":"default","ast-global-header-display":"","ast-banner-title-visibility":"","ast-main-header-display":"","ast-hfb-above-header-display":"","ast-hfb-below-header-display":"","ast-hfb-mobile-header-display":"","site-post-title":"disabled","ast-breadcrumbs-content":"","ast-featured-img":"","footer-sml-layout":"","theme-transparent-header-meta":"enabled","adv-header-id-meta":"","stick-header-meta":"","header-above-stick-meta":"","header-main-stick-meta":"","header-below-stick-meta":"","astra-migrate-meta-layouts":"set","ast-page-background-enabled":"default","ast-page-background-meta":{"desktop":{"background-color":"","background-image":"","background-repeat":"repeat","background-position":"center center","background-size":"auto","background-attachment":"scroll","background-type":"","background-media":"","overlay-type":"","overlay-color":"","overlay-opacity":"","overlay-gradient":""},"tablet":{"background-color":"","background-image":"","background-repeat":"repeat","background-position":"center center","background-size":"auto","background-attachment":"scroll","background-type":"","background-media":"","overlay-type":"","overlay-color":"","overlay-opacity":"","overlay-gradient":""},"mobile":{"background-color":"","background-image":"","background-repeat":"repeat","background-position":"center center","background-size":"auto","background-attachment":"scroll","background-type":"","background-media":"","overlay-type":"","overlay-color":"","overlay-opacity":"","overlay-gradient":""}},"ast-content-background-meta":{"desktop":{"background-color":"var(--ast-global-color-5)","background-image":"","background-repeat":"repeat","background-position":"center center","background-size":"auto","background-attachment":"scroll","background-type":"","background-media":"","overlay-type":"","overlay-color":"","overlay-opacity":"","overlay-gradient":""},"tablet":{"background-color":"var(--ast-global-color-5)","background-image":"","background-repeat":"repeat","background-position":"center center","background-size":"auto","background-attachment":"scroll","background-type":"","background-media":"","overlay-type":"","overlay-color":"","overlay-opacity":"","overlay-gradient":""},"mobile":{"background-color":"var(--ast-global-color-5)","background-image":"","background-repeat":"repeat","background-position":"center center","background-size":"auto","background-attachment":"scroll","background-type":"","background-media":"","overlay-type":"","overlay-color":"","overlay-opacity":"","overlay-gradient":""}},"footnotes":""},"class_list":["post-1131","page","type-page","status-publish","hentry"],"uagb_featured_image_src":{"full":false,"thumbnail":false,"medium":false,"medium_large":false,"large":false,"1536x1536":false,"2048x2048":false,"trp-custom-language-flag":false},"uagb_author_info":{"display_name":"Admin","author_link":"https:\/\/invest-dom.com.pl\/sk\/author\/admin\/"},"uagb_comment_info":0,"uagb_excerpt":"Drzwi zewn\u0119trzne Bezpiecze\u0144stwo i styl Twojego domu zaczynaj\u0105 si\u0119 od drzwi wej\u015bciowych! Oferujemy drzwi zewn\u0119trzne producent\u00f3w Drzwi zewn\u0119trzne Wiatrak Firma Wiatrak to uznany producent drzwi z wieloletnim do\u015bwiadczeniem na rynku. Specjalizuje si\u0119 w tworzeniu drzwi do dom\u00f3w, mieszka\u0144 i biur, oferuj\u0105c szerok\u0105 gam\u0119 produkt\u00f3w w r\u00f3\u017cnych stylach. Dzi\u0119ki zaawansowanej technologii produkcji i najwy\u017cszej jako\u015bci materia\u0142om,&hellip;","_links":{"self":[{"href":"https:\/\/invest-dom.com.pl\/sk\/wp-json\/wp\/v2\/pages\/1131","targetHints":{"allow":["GET"]}}],"collection":[{"href":"https:\/\/invest-dom.com.pl\/sk\/wp-json\/wp\/v2\/pages"}],"about":[{"href":"https:\/\/invest-dom.com.pl\/sk\/wp-json\/wp\/v2\/types\/page"}],"author":[{"embeddable":true,"href":"https:\/\/invest-dom.com.pl\/sk\/wp-json\/wp\/v2\/users\/1"}],"replies":[{"embeddable":true,"href":"https:\/\/invest-dom.com.pl\/sk\/wp-json\/wp\/v2\/comments?post=1131"}],"version-history":[{"count":14,"href":"https:\/\/invest-dom.com.pl\/sk\/wp-json\/wp\/v2\/pages\/1131\/revisions"}],"predecessor-version":[{"id":1961,"href":"https:\/\/invest-dom.com.pl\/sk\/wp-json\/wp\/v2\/pages\/1131\/revisions\/1961"}],"wp:attachment":[{"href":"https:\/\/invest-dom.com.pl\/sk\/wp-json\/wp\/v2\/media?parent=1131"}],"curies":[{"name":"wp","href":"https:\/\/api.w.org\/{rel}","templated":true}]}}